{"id":2654,"date":"2026-01-01T19:28:53","date_gmt":"2026-01-01T16:28:53","guid":{"rendered":"https:\/\/www.retinagrafik.com.tr\/ravagoeps\/?page_id=2654"},"modified":"2026-01-07T11:06:21","modified_gmt":"2026-01-07T08:06:21","slug":"tuketici-urunler-eps","status":"publish","type":"page","link":"https:\/\/www.retinagrafik.com.tr\/ravagoeps\/tuketici-urunler-eps\/","title":{"rendered":"T\u00fcketici \u00dcr\u00fcnler EPS"},"content":{"rendered":"\n<div class=\"wp-block-stackable-image-box alignfull stk-block-image-box stk-hover-parent stk-block stk-b2f844f is-style-plain\" data-block-id=\"b2f844f\"><style>.stk-b2f844f {margin-bottom:0px !important;top:-66px !important;bottom:0px !important;}<\/style><div class=\"stk-block-content stk-inner-blocks has-text-align-left stk-row stk-block-image-box__content\">\n<div class=\"wp-block-stackable-image stk-block-image has-text-align-center stk-block stk-e8cb9f1\" data-block-id=\"e8cb9f1\"><style>.stk-e8cb9f1 {top:0px !important;overflow:auto !important;}.stk-e8cb9f1 .stk-img-wrapper{width:100% !important;height:420px !important;filter:drop-shadow(none) !important;--stk-gradient-overlay:0.4 !important;}.stk-e8cb9f1 .stk-img-wrapper::after{background-color:var(--theme-palette-color-4, #102136) !important;}:where(.stk-hover-parent:hover,  .stk-hover-parent.stk--is-hovered) .stk-e8cb9f1 .stk-img-wrapper::after{background-color:#000000B3 !important;}.stk-e8cb9f1 .stk-img-wrapper::after, .stk-e8cb9f1 .stk-img-wrapper::before{mix-blend-mode:multiply !important;}<\/style><figure><span class=\"stk-img-wrapper stk-image--shape-stretch stk--shadow-none\"><img loading=\"lazy\" decoding=\"async\" class=\"stk-img wp-image-2657\" src=\"http:\/\/www.retinagrafik.com.tr\/ravagoeps\/wp-content\/uploads\/2026\/01\/tuketic.jpg\" width=\"2440\" height=\"568\" srcset=\"https:\/\/www.retinagrafik.com.tr\/ravagoeps\/wp-content\/uploads\/2026\/01\/tuketic.jpg 2440w, https:\/\/www.retinagrafik.com.tr\/ravagoeps\/wp-content\/uploads\/2026\/01\/tuketic-300x70.jpg 300w, https:\/\/www.retinagrafik.com.tr\/ravagoeps\/wp-content\/uploads\/2026\/01\/tuketic-1024x238.jpg 1024w, https:\/\/www.retinagrafik.com.tr\/ravagoeps\/wp-content\/uploads\/2026\/01\/tuketic-768x179.jpg 768w, https:\/\/www.retinagrafik.com.tr\/ravagoeps\/wp-content\/uploads\/2026\/01\/tuketic-1536x358.jpg 1536w, https:\/\/www.retinagrafik.com.tr\/ravagoeps\/wp-content\/uploads\/2026\/01\/tuketic-2048x477.jpg 2048w\" sizes=\"auto, (max-width: 2440px) 100vw, 2440px\" \/><\/span><\/figure><\/div>\n\n\n\n<div class=\"wp-block-stackable-column stk-block-column stk-column stk-block stk-b6a29b7\" data-v=\"4\" data-block-id=\"b6a29b7\"><style>.stk-b6a29b7-inner-blocks{justify-content:flex-end !important;}.stk-b6a29b7-container{padding-top:32px !important;padding-right:32px !important;padding-bottom:32px !important;padding-left:32px !important;display:flex !important;}<\/style><div class=\"stk-column-wrapper stk-block-column__content stk-container stk-b6a29b7-container stk--no-background stk--no-padding\"><div class=\"stk-block-content stk-inner-blocks stk-b6a29b7-inner-blocks\">\n<div class=\"wp-block-stackable-heading alignfull stk-block-heading stk-block-heading--v2 stk-block stk-acf1e2a\" id=\"tuketici-urunleri\" data-block-id=\"acf1e2a\"><style>.stk-acf1e2a {margin-bottom:8px !important;top:-100px !important;}.stk-acf1e2a .stk-block-heading__text{font-size:var(--stk--preset--font-size--x-large, 50px) !important;color:#FFFFFF !important;}@media screen and (max-width:999px){.stk-acf1e2a .stk-block-heading__text{font-size:var(--stk--preset--font-size--x-large, 50px) !important;}}<\/style><h2 class=\"stk-block-heading__text has-text-color has-white-color has-text-align-center\">T\u00fcketici \u00dcr\u00fcnleri<\/h2><\/div>\n\n\n\n<div class=\"wp-block-stackable-heading alignfull stk-block-heading stk-block-heading--v2 stk-block stk-11c0c64\" data-block-id=\"11c0c64\"><style>.stk-11c0c64 .stk-block-heading__text{font-size:var(--stk--preset--font-size--large, 30px) !important;color:#FFFFFF !important;}@media screen and (max-width:999px){.stk-11c0c64 .stk-block-heading__text{font-size:var(--stk--preset--font-size--large, 30px) !important;}}<\/style><h3 class=\"stk-block-heading__text has-text-color has-white-color has-text-align-center\"><\/h3><\/div>\n\n\n\n<div class=\"wp-block-stackable-text stk-block-text stk-block stk-ce0df2f\" data-block-id=\"ce0df2f\"><style>.stk-ce0df2f {opacity:0 !important;}:where(.stk-hover-parent:hover,  .stk-hover-parent.stk--is-hovered) .stk-ce0df2f{opacity:1 !important;}.stk-ce0df2f .stk-block-text__text{color:#FFFFFF !important;}<\/style><p class=\"stk-block-text__text has-text-color has-white-color\"><\/p><\/div>\n<\/div><\/div><\/div>\n<\/div><\/div>\n\n\n\n<div class=\"wp-block-stackable-heading stk-block-heading stk-block-heading--v2 stk-block stk-73cf1d4\" id=\"eps-tuketici-urunleri\" data-block-id=\"73cf1d4\"><style>.stk-73cf1d4 {margin-bottom:21px !important;}.stk-73cf1d4 .stk-block-heading__text{color:#003da5 !important;}<\/style><h2 class=\"stk-block-heading__text has-text-color\">EPS &#8211; T\u00fcketici \u00dcr\u00fcnleri<\/h2><\/div>\n\n\n\n<figure class=\"wp-block-table\"><table class=\"has-palette-color-8-background-color has-background has-fixed-layout\"><tbody><tr><td class=\"has-text-align-center\" data-align=\"center\"><\/td><td class=\"has-text-align-center\" data-align=\"center\"><\/td><td class=\"has-text-align-center\" data-align=\"center\"><strong>Par\u00e7ac\u0131k Boyutu (mm)<\/strong><\/td><td class=\"has-text-align-center\" data-align=\"center\"><strong>Yo\u011funluk Aral\u0131\u011f\u0131 (kg\/m\u00b3)<\/strong><\/td><\/tr><tr><td class=\"has-text-align-center\" data-align=\"center\">\u00d6zel Ambalaj Uygulamas\u0131<\/td><td class=\"has-text-align-center\" data-align=\"center\">Eurocell 200RL<br> Ravacell Pro FP.1 <br>Eurocell 1 00 FP.1 <br>Eurocell 150 FP.1<\/td><td class=\"has-text-align-center\" data-align=\"center\">0.80-1.60<br>0.60-1.60<br>0.40-0.85<br>0.70-1.12<\/td><td class=\"has-text-align-center\" data-align=\"center\">10 ve alt\u0131 (\u00e7ift genle\u015fme.)<br>12(\u00e7ift genle\u015fme)-25 (tek genle\u015fme) <br>22-35 (tek genle\u015fme)<br>16-24 (tek genle\u015fme)<\/td><\/tr><\/tbody><\/table><\/figure>\n\n\n\n<p><\/p>\n","protected":false},"excerpt":{"rendered":"<p>T\u00fcketici \u00dcr\u00fcnleri EPS &#8211; T\u00fcketici \u00dcr\u00fcnleri Par\u00e7ac\u0131k Boyutu (mm) Yo\u011funluk Aral\u0131\u011f\u0131 (kg\/m\u00b3) \u00d6zel Ambalaj Uygulamas\u0131 Eurocell 200RL Ravacell Pro FP.1 Eurocell 1 00 FP.1 Eurocell 150 FP.1 0.80-1.600.60-1.600.40-0.850.70-1.12 10 ve alt\u0131 (\u00e7ift genle\u015fme.)12(\u00e7ift genle\u015fme)-25 (tek genle\u015fme) 22-35 (tek genle\u015fme)16-24 (tek genle\u015fme)<\/p>\n","protected":false},"author":1,"featured_media":0,"parent":0,"menu_order":0,"comment_status":"closed","ping_status":"closed","template":"","meta":{"footnotes":""},"class_list":["post-2654","page","type-page","status-publish","hentry"],"blocksy_meta":[],"brizy_media":[],"_links":{"self":[{"href":"https:\/\/www.retinagrafik.com.tr\/ravagoeps\/wp-json\/wp\/v2\/pages\/2654","targetHints":{"allow":["GET"]}}],"collection":[{"href":"https:\/\/www.retinagrafik.com.tr\/ravagoeps\/wp-json\/wp\/v2\/pages"}],"about":[{"href":"https:\/\/www.retinagrafik.com.tr\/ravagoeps\/wp-json\/wp\/v2\/types\/page"}],"author":[{"embeddable":true,"href":"https:\/\/www.retinagrafik.com.tr\/ravagoeps\/wp-json\/wp\/v2\/users\/1"}],"replies":[{"embeddable":true,"href":"https:\/\/www.retinagrafik.com.tr\/ravagoeps\/wp-json\/wp\/v2\/comments?post=2654"}],"version-history":[{"count":5,"href":"https:\/\/www.retinagrafik.com.tr\/ravagoeps\/wp-json\/wp\/v2\/pages\/2654\/revisions"}],"predecessor-version":[{"id":2747,"href":"https:\/\/www.retinagrafik.com.tr\/ravagoeps\/wp-json\/wp\/v2\/pages\/2654\/revisions\/2747"}],"wp:attachment":[{"href":"https:\/\/www.retinagrafik.com.tr\/ravagoeps\/wp-json\/wp\/v2\/media?parent=2654"}],"curies":[{"name":"wp","href":"https:\/\/api.w.org\/{rel}","templated":true}]}}