{"id":2619,"date":"2026-01-01T17:40:47","date_gmt":"2026-01-01T14:40:47","guid":{"rendered":"https:\/\/www.retinagrafik.com.tr\/ravagoeps\/?page_id=2619"},"modified":"2026-01-07T11:01:37","modified_gmt":"2026-01-07T08:01:37","slug":"yapi-ve-insaat","status":"publish","type":"page","link":"https:\/\/www.retinagrafik.com.tr\/ravagoeps\/yapi-ve-insaat\/","title":{"rendered":"Yap\u0131 ve \u0130n\u015faat EPS"},"content":{"rendered":"\n<div class=\"wp-block-stackable-image-box alignfull stk-block-image-box stk-hover-parent stk-block stk-b2f844f is-style-plain\" data-block-id=\"b2f844f\"><style>.stk-b2f844f {margin-bottom:0px !important;top:-66px !important;bottom:0px !important;}<\/style><div class=\"stk-block-content stk-inner-blocks has-text-align-left stk-row stk-block-image-box__content\">\n<div class=\"wp-block-stackable-image stk-block-image has-text-align-center stk-block stk-e8cb9f1\" data-block-id=\"e8cb9f1\"><style>.stk-e8cb9f1 {top:0px !important;overflow:auto !important;}.stk-e8cb9f1 .stk-img-wrapper{width:100% !important;height:420px !important;filter:drop-shadow(none) !important;--stk-gradient-overlay:0.4 !important;}.stk-e8cb9f1 .stk-img-wrapper::after{background-color:var(--theme-palette-color-4, #102136) !important;}:where(.stk-hover-parent:hover,  .stk-hover-parent.stk--is-hovered) .stk-e8cb9f1 .stk-img-wrapper::after{background-color:#000000B3 !important;}.stk-e8cb9f1 .stk-img-wrapper::after, .stk-e8cb9f1 .stk-img-wrapper::before{mix-blend-mode:multiply !important;}<\/style><figure><span class=\"stk-img-wrapper stk-image--shape-stretch stk--shadow-none\"><img loading=\"lazy\" decoding=\"async\" class=\"stk-img wp-image-2625\" src=\"http:\/\/www.retinagrafik.com.tr\/ravagoeps\/wp-content\/uploads\/2026\/01\/yapi.jpg\" width=\"2444\" height=\"716\" srcset=\"https:\/\/www.retinagrafik.com.tr\/ravagoeps\/wp-content\/uploads\/2026\/01\/yapi.jpg 2444w, https:\/\/www.retinagrafik.com.tr\/ravagoeps\/wp-content\/uploads\/2026\/01\/yapi-300x88.jpg 300w, https:\/\/www.retinagrafik.com.tr\/ravagoeps\/wp-content\/uploads\/2026\/01\/yapi-1024x300.jpg 1024w, https:\/\/www.retinagrafik.com.tr\/ravagoeps\/wp-content\/uploads\/2026\/01\/yapi-768x225.jpg 768w, https:\/\/www.retinagrafik.com.tr\/ravagoeps\/wp-content\/uploads\/2026\/01\/yapi-1536x450.jpg 1536w, https:\/\/www.retinagrafik.com.tr\/ravagoeps\/wp-content\/uploads\/2026\/01\/yapi-2048x600.jpg 2048w\" sizes=\"auto, (max-width: 2444px) 100vw, 2444px\" \/><\/span><\/figure><\/div>\n\n\n\n<div class=\"wp-block-stackable-column stk-block-column stk-column stk-block stk-b6a29b7\" data-v=\"4\" data-block-id=\"b6a29b7\"><style>.stk-b6a29b7-inner-blocks{justify-content:flex-end !important;}.stk-b6a29b7-container{padding-top:32px !important;padding-right:32px !important;padding-bottom:32px !important;padding-left:32px !important;display:flex !important;}<\/style><div class=\"stk-column-wrapper stk-block-column__content stk-container stk-b6a29b7-container stk--no-background stk--no-padding\"><div class=\"stk-block-content stk-inner-blocks stk-b6a29b7-inner-blocks\">\n<div class=\"wp-block-stackable-heading alignfull stk-block-heading stk-block-heading--v2 stk-block stk-acf1e2a\" id=\"yapi-ve-insaat\" data-block-id=\"acf1e2a\"><style>.stk-acf1e2a {margin-bottom:8px !important;top:-100px !important;}.stk-acf1e2a .stk-block-heading__text{font-size:var(--stk--preset--font-size--x-large, 50px) !important;color:#FFFFFF !important;}@media screen and (max-width:999px){.stk-acf1e2a .stk-block-heading__text{font-size:var(--stk--preset--font-size--x-large, 50px) !important;}}<\/style><h2 class=\"stk-block-heading__text has-text-color has-white-color has-text-align-center\">Yap\u0131 ve \u0130n\u015faat<\/h2><\/div>\n\n\n\n<div class=\"wp-block-stackable-heading alignfull stk-block-heading stk-block-heading--v2 stk-block stk-11c0c64\" data-block-id=\"11c0c64\"><style>.stk-11c0c64 .stk-block-heading__text{font-size:var(--stk--preset--font-size--large, 30px) !important;color:#FFFFFF !important;}@media screen and (max-width:999px){.stk-11c0c64 .stk-block-heading__text{font-size:var(--stk--preset--font-size--large, 30px) !important;}}<\/style><h3 class=\"stk-block-heading__text has-text-color has-white-color has-text-align-center\"><\/h3><\/div>\n\n\n\n<div class=\"wp-block-stackable-text stk-block-text stk-block stk-ce0df2f\" data-block-id=\"ce0df2f\"><style>.stk-ce0df2f {opacity:0 !important;}:where(.stk-hover-parent:hover,  .stk-hover-parent.stk--is-hovered) .stk-ce0df2f{opacity:1 !important;}.stk-ce0df2f .stk-block-text__text{color:#FFFFFF !important;}<\/style><p class=\"stk-block-text__text has-text-color has-white-color\">EPS<\/p><\/div>\n<\/div><\/div><\/div>\n<\/div><\/div>\n\n\n\n<div class=\"wp-block-stackable-heading stk-block-heading stk-block-heading--v2 stk-block stk-73cf1d4\" id=\"eps-yapi-ve-insaat\" data-block-id=\"73cf1d4\"><style>.stk-73cf1d4 {margin-bottom:21px !important;}.stk-73cf1d4 .stk-block-heading__text{color:#003da5 !important;}<\/style><h2 class=\"stk-block-heading__text has-text-color\">EPS &#8211; Yap\u0131 ve \u0130n\u015faat <\/h2><\/div>\n\n\n\n<div class=\"wp-block-group is-layout-constrained wp-block-group-is-layout-constrained\">\n<figure class=\"wp-block-table\"><table class=\"has-palette-color-8-background-color has-background has-fixed-layout\"><tbody><tr><td class=\"has-text-align-center\" data-align=\"center\"><\/td><td class=\"has-text-align-center\" data-align=\"center\"><strong><strong>Grades<\/strong> <\/strong><\/td><td class=\"has-text-align-center\" data-align=\"center\"><strong>Par\u00e7ac\u0131k Boyutu (mm)<\/strong><\/td><td class=\"has-text-align-center\" data-align=\"center\"><strong>Yo\u011funluk Aral\u0131\u011f\u0131 (kg\/m\u00b3)<\/strong><\/td><\/tr><tr><td class=\"has-text-align-center\" data-align=\"center\">\u00c7at\u0131, duvar ve zemin yal\u0131t\u0131m\u0131, yal\u0131t\u0131m malzemeleri<\/td><td class=\"has-text-align-center\" data-align=\"center\">Eurocell 50 FP.1 <br>Eurocell 1 00 FP.1 <br>Ravacell Pro FP.1<br> Ravacell Premium<\/td><td class=\"has-text-align-center\" data-align=\"center\">0.25-0.60<br>0.40-0.85<br>0.60-1.60<br>0.60-1.60<\/td><td class=\"has-text-align-center\" data-align=\"center\">25-60 (uygulama yo\u011funlu\u011fu > 25 kg\/m3) 22-35 (tekli genle\u015fme.)<br>12 (\u00e7ift genle\u015fme.)-25 (tek genle\u015fme.) <br>12 (\u00e7ift genle\u015fme.)-25 (tek genle\u015fme.)<\/td><\/tr><tr><td class=\"has-text-align-center\" data-align=\"center\">\u00c7at\u0131, duvar ve zemin yal\u0131t\u0131m\u0131, yal\u0131t\u0131m malzemeleri, dekoratif tavan panelleri, teknik profiller<\/td><td class=\"has-text-align-center\" data-align=\"center\">Eurocell 150 FP.1 <br>Eurocell 200 FP.1 <br>Ravacell Pro FP.1<\/td><td class=\"has-text-align-center\" data-align=\"center\">0.70-1.12<br>0.80-1.60<br>0.60-1.60<\/td><td class=\"has-text-align-center\" data-align=\"center\">16-24 (tek genle\u015fme.)<br>12 (\u00e7ift genle\u015fme)-15\/22 (tek genle\u015fme.) 12 (\u00e7ift genle\u015fme.)-25 (tek genle\u015fme)<\/td><\/tr><tr><td class=\"has-text-align-center\" data-align=\"center\">Duvar uygulamalar\u0131, d\u00fc\u015f\u00fck yo\u011funluklar<\/td><td class=\"has-text-align-center\" data-align=\"center\">Eurocell 200 FPL.1 <br>Eurocell 300 FP.1<\/td><td class=\"has-text-align-center\" data-align=\"center\">0.80-1.60<br>1.25-2.50<\/td><td class=\"has-text-align-center\" data-align=\"center\">10 (\u00e7ift genle\u015fme) -14 (tek genle\u015fme) <br>10 ve alt\u0131 (\u00e7ift genle\u015fme)<\/td><\/tr><tr><td class=\"has-text-align-center\" data-align=\"center\">\u00c7evre yal\u0131t\u0131m\u0131, d\u00fcz \u00e7at\u0131 yal\u0131t\u0131m\u0131, s\u0131hhi tesisat bile\u015fenleri, d\u00fc\u015f\u00fck yo\u011funluklu uygulamalar Asmolen (dolgu maddesi)<\/td><td class=\"has-text-align-center\" data-align=\"center\">Eurocell 300 FP.1<\/td><td class=\"has-text-align-center\" data-align=\"center\">1.25-2.50<\/td><td class=\"has-text-align-center\" data-align=\"center\">10 ve alt\u0131(\u00e7ift genle\u015fme)<\/td><\/tr><\/tbody><\/table><\/figure>\n<\/div>\n\n\n\n<div class=\"wp-block-stackable-columns stk-block-columns stk-block stk-fa99f93\" data-block-id=\"fa99f93\"><div class=\"stk-row stk-inner-blocks stk-block-content stk-content-align stk-fa99f93-column\">\n<div class=\"wp-block-stackable-column stk-block-column stk-column stk-block stk-2b3756e\" data-v=\"4\" data-block-id=\"2b3756e\"><div class=\"stk-column-wrapper stk-block-column__content stk-container stk-2b3756e-container stk--no-background stk--no-padding\"><div class=\"stk-block-content stk-inner-blocks stk-2b3756e-inner-blocks\"><\/div><\/div><\/div>\n<\/div><\/div>\n\n\n\n<figure class=\"wp-block-table is-style-stripes\"><table><tbody><tr><td class=\"has-text-align-right\" data-align=\"right\"><strong>Uygulama Alan\u0131<\/strong><\/td><td class=\"has-text-align-center\" data-align=\"center\">&nbsp;<\/td><td class=\"has-text-align-center\" data-align=\"center\"><strong>Eurocell 100FP.1<\/strong><\/td><td class=\"has-text-align-center\" data-align=\"center\"><strong>Eurocell 150FP.1<\/strong><\/td><td class=\"has-text-align-center\" data-align=\"center\"><strong>Eurocell 200FP.1<\/strong><\/td><td class=\"has-text-align-center\" data-align=\"center\"><strong>Eurocell 200FPL.1<\/strong><\/td><td class=\"has-text-align-center\" data-align=\"center\"><strong>Eurocell 300FP.1<\/strong><\/td><td class=\"has-text-align-center\" data-align=\"center\"><strong>Ravacell Pro FP.1<\/strong><\/td><td class=\"has-text-align-center\" data-align=\"center\"><strong>Ravacell Premium<\/strong><\/td><\/tr><tr><td class=\"has-text-align-right\" data-align=\"right\">\u00c7at\u0131 Uygulamalar\u0131<\/td><td class=\"has-text-align-center\" data-align=\"center\">Teras \u00c7at\u0131<\/td><td class=\"has-text-align-center\" data-align=\"center\">\u25cf<\/td><td class=\"has-text-align-center\" data-align=\"center\">&nbsp;<\/td><td class=\"has-text-align-center\" data-align=\"center\">&nbsp;<\/td><td class=\"has-text-align-center\" data-align=\"center\">&nbsp;<\/td><td class=\"has-text-align-center\" data-align=\"center\">&nbsp;<\/td><td class=\"has-text-align-center\" data-align=\"center\">&nbsp;<\/td><td class=\"has-text-align-center\" data-align=\"center\">&nbsp;<\/td><\/tr><tr><td class=\"has-text-align-right\" data-align=\"right\">&nbsp;\u00c7at\u0131 Uygulamalar\u0131<\/td><td class=\"has-text-align-center\" data-align=\"center\">E\u011fimli \u00c7at\u0131<\/td><td class=\"has-text-align-center\" data-align=\"center\">\u25cf<\/td><td class=\"has-text-align-center\" data-align=\"center\">&nbsp;<\/td><td class=\"has-text-align-center\" data-align=\"center\">&nbsp;<\/td><td class=\"has-text-align-center\" data-align=\"center\">&nbsp;<\/td><td class=\"has-text-align-center\" data-align=\"center\">&nbsp;<\/td><td class=\"has-text-align-center\" data-align=\"center\">&nbsp;<\/td><td class=\"has-text-align-center\" data-align=\"center\">&nbsp;<\/td><\/tr><tr><td class=\"has-text-align-right\" data-align=\"right\">&nbsp;\u00c7at\u0131 Uygulamalar\u0131<\/td><td class=\"has-text-align-center\" data-align=\"center\">D\u00f6\u015feme \u00dczeri Uygulamalar<\/td><td class=\"has-text-align-center\" data-align=\"center\">\u25cf<\/td><td class=\"has-text-align-center\" data-align=\"center\">\u25cf<\/td><td class=\"has-text-align-center\" data-align=\"center\">\u25cf<\/td><td class=\"has-text-align-center\" data-align=\"center\">\u25cf<\/td><td class=\"has-text-align-center\" data-align=\"center\">&nbsp;<\/td><td class=\"has-text-align-center\" data-align=\"center\">&nbsp;<\/td><td class=\"has-text-align-center\" data-align=\"center\">&nbsp;<\/td><\/tr><tr><td class=\"has-text-align-right\" data-align=\"right\">&nbsp;\u00c7at\u0131 Uygulamalar\u0131<\/td><td class=\"has-text-align-center\" data-align=\"center\">Mertek Seviyesi Uygulamalar\u0131<\/td><td class=\"has-text-align-center\" data-align=\"center\">\u25cf<\/td><td class=\"has-text-align-center\" data-align=\"center\">\u25cf<\/td><td class=\"has-text-align-center\" data-align=\"center\">\u25cf<\/td><td class=\"has-text-align-center\" data-align=\"center\">\u25cf<\/td><td class=\"has-text-align-center\" data-align=\"center\">&nbsp;<\/td><td class=\"has-text-align-center\" data-align=\"center\">&nbsp;<\/td><td class=\"has-text-align-center\" data-align=\"center\">&nbsp;<\/td><\/tr><tr><td class=\"has-text-align-right\" data-align=\"right\">Duvar Uygulamalar\u0131<\/td><td class=\"has-text-align-center\" data-align=\"center\">D\u0131\u015f Cephe Duvar\u0131<\/td><td class=\"has-text-align-center\" data-align=\"center\">&nbsp;<\/td><td class=\"has-text-align-center\" data-align=\"center\">&nbsp;<\/td><td class=\"has-text-align-center\" data-align=\"center\">\u25cf<\/td><td class=\"has-text-align-center\" data-align=\"center\">\u25cf<\/td><td class=\"has-text-align-center\" data-align=\"center\">&nbsp;<\/td><td class=\"has-text-align-center\" data-align=\"center\">\u25cf<\/td><td class=\"has-text-align-center\" data-align=\"center\">\u25cf<\/td><\/tr><tr><td class=\"has-text-align-right\" data-align=\"right\">&nbsp;Duvar Uygulamalar\u0131<\/td><td class=\"has-text-align-center\" data-align=\"center\">\u0130\u00e7 Duvar<\/td><td class=\"has-text-align-center\" data-align=\"center\">\u25cf<\/td><td class=\"has-text-align-center\" data-align=\"center\">&nbsp;<\/td><td class=\"has-text-align-center\" data-align=\"center\">&nbsp;<\/td><td class=\"has-text-align-center\" data-align=\"center\">&nbsp;<\/td><td class=\"has-text-align-center\" data-align=\"center\">&nbsp;<\/td><td class=\"has-text-align-center\" data-align=\"center\">&nbsp;<\/td><td class=\"has-text-align-center\" data-align=\"center\">&nbsp;<\/td><\/tr><tr><td class=\"has-text-align-right\" data-align=\"right\">&nbsp;<br>Duvar Uygulamalar\u0131<\/td><td class=\"has-text-align-center\" data-align=\"center\">Bo\u015fluklu Duvar<\/td><td class=\"has-text-align-center\" data-align=\"center\">\u25cf<\/td><td class=\"has-text-align-center\" data-align=\"center\">&nbsp;<\/td><td class=\"has-text-align-center\" data-align=\"center\">&nbsp;<\/td><td class=\"has-text-align-center\" data-align=\"center\">&nbsp;<\/td><td class=\"has-text-align-center\" data-align=\"center\">&nbsp;<\/td><td class=\"has-text-align-center\" data-align=\"center\">&nbsp;<\/td><td class=\"has-text-align-center\" data-align=\"center\">&nbsp;<\/td><\/tr><tr><td class=\"has-text-align-right\" data-align=\"right\">Duvar Uygulamalar\u0131<\/td><td class=\"has-text-align-center\" data-align=\"center\">Bodrum Duvar\u0131<\/td><td class=\"has-text-align-center\" data-align=\"center\">\u25cf<\/td><td class=\"has-text-align-center\" data-align=\"center\">&nbsp;<\/td><td class=\"has-text-align-center\" data-align=\"center\">&nbsp;<\/td><td class=\"has-text-align-center\" data-align=\"center\">&nbsp;<\/td><td class=\"has-text-align-center\" data-align=\"center\">&nbsp;<\/td><td class=\"has-text-align-center\" data-align=\"center\">&nbsp;<\/td><td class=\"has-text-align-center\" data-align=\"center\">&nbsp;<\/td><\/tr><tr><td class=\"has-text-align-right\" data-align=\"right\">Tavanlar<\/td><td class=\"has-text-align-center\" data-align=\"center\">Bodrum Tavan\u0131<\/td><td class=\"has-text-align-center\" data-align=\"center\">&nbsp;<\/td><td class=\"has-text-align-center\" data-align=\"center\">&nbsp;<\/td><td class=\"has-text-align-center\" data-align=\"center\">\u25cf<\/td><td class=\"has-text-align-center\" data-align=\"center\">\u25cf<\/td><td class=\"has-text-align-center\" data-align=\"center\">&nbsp;<\/td><td class=\"has-text-align-center\" data-align=\"center\">&nbsp;<\/td><td class=\"has-text-align-center\" data-align=\"center\">&nbsp;<\/td><\/tr><tr><td class=\"has-text-align-right\" data-align=\"right\">&nbsp;Tavanlar<\/td><td class=\"has-text-align-center\" data-align=\"center\">Asma Tavan<\/td><td class=\"has-text-align-center\" data-align=\"center\">&nbsp;<\/td><td class=\"has-text-align-center\" data-align=\"center\">&nbsp;<\/td><td class=\"has-text-align-center\" data-align=\"center\">\u25cf<\/td><td class=\"has-text-align-center\" data-align=\"center\">\u25cf<\/td><td class=\"has-text-align-center\" data-align=\"center\">&nbsp;<\/td><td class=\"has-text-align-center\" data-align=\"center\">&nbsp;<\/td><td class=\"has-text-align-center\" data-align=\"center\">&nbsp;<\/td><\/tr><tr><td class=\"has-text-align-right\" data-align=\"right\">Zemin Uygulamalar\u0131<\/td><td class=\"has-text-align-center\" data-align=\"center\">Zemin Kaplamas\u0131<\/td><td class=\"has-text-align-center\" data-align=\"center\">\u25cf<\/td><td class=\"has-text-align-center\" data-align=\"center\">&nbsp;<\/td><td class=\"has-text-align-center\" data-align=\"center\">&nbsp;<\/td><td class=\"has-text-align-center\" data-align=\"center\">&nbsp;<\/td><td class=\"has-text-align-center\" data-align=\"center\">&nbsp;<\/td><td class=\"has-text-align-center\" data-align=\"center\">\u25cf<\/td><td class=\"has-text-align-center\" data-align=\"center\">\u25cf<\/td><\/tr><tr><td class=\"has-text-align-right\" data-align=\"right\">Zemin Uygulamalar\u0131<\/td><td class=\"has-text-align-center\" data-align=\"center\">Ara Kat Kaplamalar\u0131<\/td><td class=\"has-text-align-center\" data-align=\"center\">\u25cf<\/td><td class=\"has-text-align-center\" data-align=\"center\">&nbsp;<\/td><td class=\"has-text-align-center\" data-align=\"center\">&nbsp;<\/td><td class=\"has-text-align-center\" data-align=\"center\">&nbsp;<\/td><td class=\"has-text-align-center\" data-align=\"center\">&nbsp;<\/td><td class=\"has-text-align-center\" data-align=\"center\">\u25cf<\/td><td class=\"has-text-align-center\" data-align=\"center\">\u25cf<\/td><\/tr><tr><td class=\"has-text-align-right\" data-align=\"right\">&nbsp;Zemin Uygulamalar\u0131<\/td><td class=\"has-text-align-center\" data-align=\"center\">Yerden Is\u0131tma Kaplamalar\u0131<\/td><td class=\"has-text-align-center\" data-align=\"center\">\u25cf<\/td><td class=\"has-text-align-center\" data-align=\"center\">&nbsp;<\/td><td class=\"has-text-align-center\" data-align=\"center\">&nbsp;<\/td><td class=\"has-text-align-center\" data-align=\"center\">&nbsp;<\/td><td class=\"has-text-align-center\" data-align=\"center\">&nbsp;<\/td><td class=\"has-text-align-center\" data-align=\"center\">\u25cf<\/td><td class=\"has-text-align-center\" data-align=\"center\">\u25cf<\/td><\/tr><tr><td class=\"has-text-align-right\" data-align=\"right\">Sandvi\u00e7 Panel<\/td><td class=\"has-text-align-center\" data-align=\"center\">\u00c7ekirdek Dolgu Malzemeleri<\/td><td class=\"has-text-align-center\" data-align=\"center\">\u25cf<\/td><td class=\"has-text-align-center\" data-align=\"center\">\u25cf<\/td><td class=\"has-text-align-center\" data-align=\"center\">\u25cf<\/td><td class=\"has-text-align-center\" data-align=\"center\">\u25cf<\/td><td class=\"has-text-align-center\" data-align=\"center\">&nbsp;<\/td><td class=\"has-text-align-center\" data-align=\"center\">\u25cf<\/td><td class=\"has-text-align-center\" data-align=\"center\">\u25cf<\/td><\/tr><tr><td class=\"has-text-align-right\" data-align=\"right\">\u0130\u00e7 Mekan Dekoratif<\/td><td class=\"has-text-align-center\" data-align=\"center\">Al\u00e7\u0131pan<\/td><td class=\"has-text-align-center\" data-align=\"center\">\u25cf<\/td><td class=\"has-text-align-center\" data-align=\"center\">&nbsp;<\/td><td class=\"has-text-align-center\" data-align=\"center\">&nbsp;<\/td><td class=\"has-text-align-center\" data-align=\"center\">&nbsp;<\/td><td class=\"has-text-align-center\" data-align=\"center\">&nbsp;<\/td><td class=\"has-text-align-center\" data-align=\"center\">&nbsp;<\/td><td class=\"has-text-align-center\" data-align=\"center\">&nbsp;<\/td><\/tr><tr><td class=\"has-text-align-right\" data-align=\"right\">\u0130\u00e7 Mekan Dekoratif<\/td><td class=\"has-text-align-center\" data-align=\"center\">Tavan Kaplamas\u0131<\/td><td class=\"has-text-align-center\" data-align=\"center\">\u25cf<\/td><td class=\"has-text-align-center\" data-align=\"center\">&nbsp;<\/td><td class=\"has-text-align-center\" data-align=\"center\">&nbsp;<\/td><td class=\"has-text-align-center\" data-align=\"center\">&nbsp;<\/td><td class=\"has-text-align-center\" data-align=\"center\">&nbsp;<\/td><td class=\"has-text-align-center\" data-align=\"center\">&nbsp;<\/td><td class=\"has-text-align-center\" data-align=\"center\">&nbsp;<\/td><\/tr><tr><td class=\"has-text-align-right\" data-align=\"right\">\u0130\u00e7 Mekan Dekoratif<\/td><td class=\"has-text-align-center\" data-align=\"center\">Avize G\u00f6be\u011fi<\/td><td class=\"has-text-align-center\" data-align=\"center\">\u25cf<\/td><td class=\"has-text-align-center\" data-align=\"center\">&nbsp;<\/td><td class=\"has-text-align-center\" data-align=\"center\">&nbsp;<\/td><td class=\"has-text-align-center\" data-align=\"center\">&nbsp;<\/td><td class=\"has-text-align-center\" data-align=\"center\">&nbsp;<\/td><td class=\"has-text-align-center\" data-align=\"center\">&nbsp;<\/td><td class=\"has-text-align-center\" data-align=\"center\">&nbsp;<\/td><\/tr><tr><td class=\"has-text-align-right\" data-align=\"right\">D\u0131\u015f Mekan Dekoratif<\/td><td class=\"has-text-align-center\" data-align=\"center\">S\u00f6ve<\/td><td class=\"has-text-align-center\" data-align=\"center\">\u25cf<\/td><td class=\"has-text-align-center\" data-align=\"center\">\u25cf<\/td><td class=\"has-text-align-center\" data-align=\"center\">&nbsp;<\/td><td class=\"has-text-align-center\" data-align=\"center\">&nbsp;<\/td><td class=\"has-text-align-center\" data-align=\"center\">&nbsp;<\/td><td class=\"has-text-align-center\" data-align=\"center\">&nbsp;<\/td><td class=\"has-text-align-center\" data-align=\"center\">&nbsp;<\/td><\/tr><tr><td class=\"has-text-align-right\" data-align=\"right\">D\u0131\u015f Mekan Dekoratif<\/td><td class=\"has-text-align-center\" data-align=\"center\">Denizlik<\/td><td class=\"has-text-align-center\" data-align=\"center\">\u25cf<\/td><td class=\"has-text-align-center\" data-align=\"center\">\u25cf<\/td><td class=\"has-text-align-center\" data-align=\"center\">&nbsp;<\/td><td class=\"has-text-align-center\" data-align=\"center\">&nbsp;<\/td><td class=\"has-text-align-center\" data-align=\"center\">&nbsp;<\/td><td class=\"has-text-align-center\" data-align=\"center\">&nbsp;<\/td><td class=\"has-text-align-center\" data-align=\"center\">&nbsp;<\/td><\/tr><tr><td class=\"has-text-align-right\" data-align=\"right\">D\u0131\u015f Mekan Dekoratif<\/td><td class=\"has-text-align-center\" data-align=\"center\">Silme \/ Kartonpiyer<\/td><td class=\"has-text-align-center\" data-align=\"center\">\u25cf<\/td><td class=\"has-text-align-center\" data-align=\"center\">\u25cf<\/td><td class=\"has-text-align-center\" data-align=\"center\">&nbsp;<\/td><td class=\"has-text-align-center\" data-align=\"center\">&nbsp;<\/td><td class=\"has-text-align-center\" data-align=\"center\">&nbsp;<\/td><td class=\"has-text-align-center\" data-align=\"center\">&nbsp;<\/td><td class=\"has-text-align-center\" data-align=\"center\">&nbsp;<\/td><\/tr><tr><td class=\"has-text-align-right\" data-align=\"right\">D\u0131\u015f Mekan Dekoratif<\/td><td class=\"has-text-align-center\" data-align=\"center\">Cephe Detaylar\u0131<\/td><td class=\"has-text-align-center\" data-align=\"center\">\u25cf<\/td><td class=\"has-text-align-center\" data-align=\"center\">\u25cf<\/td><td class=\"has-text-align-center\" data-align=\"center\">&nbsp;<\/td><td class=\"has-text-align-center\" data-align=\"center\">&nbsp;<\/td><td class=\"has-text-align-center\" data-align=\"center\">&nbsp;<\/td><td class=\"has-text-align-center\" data-align=\"center\">\u25cf<\/td><td class=\"has-text-align-center\" data-align=\"center\">\u25cf<\/td><\/tr><tr><td class=\"has-text-align-right\" data-align=\"right\">Asmolene (Dolgu)<\/td><td class=\"has-text-align-center\" data-align=\"center\">Nerv\u00fcrl\u00fc D\u00f6\u015feme<\/td><td class=\"has-text-align-center\" data-align=\"center\">&nbsp;<\/td><td class=\"has-text-align-center\" data-align=\"center\">&nbsp;<\/td><td class=\"has-text-align-center\" data-align=\"center\">\u25cf<\/td><td class=\"has-text-align-center\" data-align=\"center\">\u25cf<\/td><td class=\"has-text-align-center\" data-align=\"center\">\u25cf<\/td><td class=\"has-text-align-center\" data-align=\"center\">\u25cf<\/td><td class=\"has-text-align-center\" data-align=\"center\">\u25cf<\/td><\/tr><tr><td class=\"has-text-align-right\" data-align=\"right\">Geofoam<\/td><td class=\"has-text-align-center\" data-align=\"center\">Platform Yakla\u015f\u0131m\u0131<\/td><td class=\"has-text-align-center\" data-align=\"center\">\u25cf<\/td><td class=\"has-text-align-center\" data-align=\"center\">\u25cf<\/td><td class=\"has-text-align-center\" data-align=\"center\">\u25cf<\/td><td class=\"has-text-align-center\" data-align=\"center\">\u25cf<\/td><td class=\"has-text-align-center\" data-align=\"center\">&nbsp;<\/td><td class=\"has-text-align-center\" data-align=\"center\">&nbsp;<\/td><td class=\"has-text-align-center\" data-align=\"center\">&nbsp;<\/td><\/tr><\/tbody><\/table><\/figure>\n\n\n\n<p><\/p>\n","protected":false},"excerpt":{"rendered":"<p>Yap\u0131 ve \u0130n\u015faat EPS EPS &#8211; Yap\u0131 ve \u0130n\u015faat Grades Par\u00e7ac\u0131k Boyutu (mm) Yo\u011funluk Aral\u0131\u011f\u0131 (kg\/m\u00b3) \u00c7at\u0131, duvar ve zemin yal\u0131t\u0131m\u0131, yal\u0131t\u0131m malzemeleri Eurocell 50 FP.1 Eurocell 1 00 FP.1 Ravacell Pro FP.1 Ravacell Premium 0.25-0.600.40-0.850.60-1.600.60-1.60 25-60 (uygulama yo\u011funlu\u011fu > 25 kg\/m3) 22-35 (tekli genle\u015fme.)12 (\u00e7ift genle\u015fme.)-25 (tek genle\u015fme.) 12 (\u00e7ift genle\u015fme.)-25 (tek genle\u015fme.) \u00c7at\u0131, [&hellip;]<\/p>\n","protected":false},"author":1,"featured_media":0,"parent":0,"menu_order":0,"comment_status":"closed","ping_status":"closed","template":"","meta":{"footnotes":""},"class_list":["post-2619","page","type-page","status-publish","hentry"],"blocksy_meta":[],"brizy_media":[],"_links":{"self":[{"href":"https:\/\/www.retinagrafik.com.tr\/ravagoeps\/wp-json\/wp\/v2\/pages\/2619","targetHints":{"allow":["GET"]}}],"collection":[{"href":"https:\/\/www.retinagrafik.com.tr\/ravagoeps\/wp-json\/wp\/v2\/pages"}],"about":[{"href":"https:\/\/www.retinagrafik.com.tr\/ravagoeps\/wp-json\/wp\/v2\/types\/page"}],"author":[{"embeddable":true,"href":"https:\/\/www.retinagrafik.com.tr\/ravagoeps\/wp-json\/wp\/v2\/users\/1"}],"replies":[{"embeddable":true,"href":"https:\/\/www.retinagrafik.com.tr\/ravagoeps\/wp-json\/wp\/v2\/comments?post=2619"}],"version-history":[{"count":23,"href":"https:\/\/www.retinagrafik.com.tr\/ravagoeps\/wp-json\/wp\/v2\/pages\/2619\/revisions"}],"predecessor-version":[{"id":2743,"href":"https:\/\/www.retinagrafik.com.tr\/ravagoeps\/wp-json\/wp\/v2\/pages\/2619\/revisions\/2743"}],"wp:attachment":[{"href":"https:\/\/www.retinagrafik.com.tr\/ravagoeps\/wp-json\/wp\/v2\/media?parent=2619"}],"curies":[{"name":"wp","href":"https:\/\/api.w.org\/{rel}","templated":true}]}}