{"id":2605,"date":"2026-01-01T17:10:52","date_gmt":"2026-01-01T14:10:52","guid":{"rendered":"https:\/\/www.retinagrafik.com.tr\/ravagoeps\/?page_id=2605"},"modified":"2026-01-07T11:03:03","modified_gmt":"2026-01-07T08:03:03","slug":"beyaz-esya-eps","status":"publish","type":"page","link":"https:\/\/www.retinagrafik.com.tr\/ravagoeps\/beyaz-esya-eps\/","title":{"rendered":"Beyaz E\u015fya ve Ambalaj Eps"},"content":{"rendered":"\n<div class=\"wp-block-stackable-image-box alignfull stk-block-image-box stk-hover-parent stk-block stk-b2f844f is-style-plain\" data-block-id=\"b2f844f\"><style>.stk-b2f844f {margin-bottom:0px !important;top:-66px !important;bottom:0px !important;}<\/style><div class=\"stk-block-content stk-inner-blocks has-text-align-left stk-row stk-block-image-box__content\">\n<div class=\"wp-block-stackable-image stk-block-image has-text-align-center stk-block stk-e8cb9f1\" data-block-id=\"e8cb9f1\"><style>.stk-e8cb9f1 {top:0px !important;overflow:auto !important;}.stk-e8cb9f1 .stk-img-wrapper{width:100% !important;height:420px !important;filter:drop-shadow(none) !important;--stk-gradient-overlay:0.4 !important;}.stk-e8cb9f1 .stk-img-wrapper::after{background-color:var(--theme-palette-color-4, #102136) !important;}:where(.stk-hover-parent:hover,  .stk-hover-parent.stk--is-hovered) .stk-e8cb9f1 .stk-img-wrapper::after{background-color:#000000B3 !important;}.stk-e8cb9f1 .stk-img-wrapper::after, .stk-e8cb9f1 .stk-img-wrapper::before{mix-blend-mode:multiply !important;}<\/style><figure><span class=\"stk-img-wrapper stk-image--shape-stretch stk--shadow-none\"><img loading=\"lazy\" decoding=\"async\" class=\"stk-img wp-image-2607\" src=\"http:\/\/www.retinagrafik.com.tr\/ravagoeps\/wp-content\/uploads\/2026\/01\/beyazesya.jpg\" width=\"2444\" height=\"712\" srcset=\"https:\/\/www.retinagrafik.com.tr\/ravagoeps\/wp-content\/uploads\/2026\/01\/beyazesya.jpg 2444w, https:\/\/www.retinagrafik.com.tr\/ravagoeps\/wp-content\/uploads\/2026\/01\/beyazesya-300x87.jpg 300w, https:\/\/www.retinagrafik.com.tr\/ravagoeps\/wp-content\/uploads\/2026\/01\/beyazesya-1024x298.jpg 1024w, https:\/\/www.retinagrafik.com.tr\/ravagoeps\/wp-content\/uploads\/2026\/01\/beyazesya-768x224.jpg 768w, https:\/\/www.retinagrafik.com.tr\/ravagoeps\/wp-content\/uploads\/2026\/01\/beyazesya-1536x447.jpg 1536w, https:\/\/www.retinagrafik.com.tr\/ravagoeps\/wp-content\/uploads\/2026\/01\/beyazesya-2048x597.jpg 2048w\" sizes=\"auto, (max-width: 2444px) 100vw, 2444px\" \/><\/span><\/figure><\/div>\n\n\n\n<div class=\"wp-block-stackable-column stk-block-column stk-column stk-block stk-b6a29b7\" data-v=\"4\" data-block-id=\"b6a29b7\"><style>.stk-b6a29b7-inner-blocks{justify-content:flex-end !important;}.stk-b6a29b7-container{padding-top:32px !important;padding-right:32px !important;padding-bottom:32px !important;padding-left:32px !important;display:flex !important;}<\/style><div class=\"stk-column-wrapper stk-block-column__content stk-container stk-b6a29b7-container stk--no-background stk--no-padding\"><div class=\"stk-block-content stk-inner-blocks stk-b6a29b7-inner-blocks\">\n<div class=\"wp-block-stackable-heading alignfull stk-block-heading stk-block-heading--v2 stk-block stk-acf1e2a\" id=\"beyaz-esya-ve-ambalaj\" data-block-id=\"acf1e2a\"><style>.stk-acf1e2a {margin-bottom:8px !important;top:-100px !important;}.stk-acf1e2a .stk-block-heading__text{font-size:var(--stk--preset--font-size--x-large, 50px) !important;color:#FFFFFF !important;}@media screen and (max-width:999px){.stk-acf1e2a .stk-block-heading__text{font-size:var(--stk--preset--font-size--x-large, 50px) !important;}}<\/style><h2 class=\"stk-block-heading__text has-text-color has-white-color has-text-align-center\">Beyaz E\u015fya ve Ambalaj<\/h2><\/div>\n\n\n\n<div class=\"wp-block-stackable-heading alignfull stk-block-heading stk-block-heading--v2 stk-block stk-11c0c64\" data-block-id=\"11c0c64\"><style>.stk-11c0c64 .stk-block-heading__text{font-size:var(--stk--preset--font-size--large, 30px) !important;color:#FFFFFF !important;}@media screen and (max-width:999px){.stk-11c0c64 .stk-block-heading__text{font-size:var(--stk--preset--font-size--large, 30px) !important;}}<\/style><h3 class=\"stk-block-heading__text has-text-color has-white-color has-text-align-center\"><\/h3><\/div>\n\n\n\n<div class=\"wp-block-stackable-text stk-block-text stk-block stk-ce0df2f\" data-block-id=\"ce0df2f\"><style>.stk-ce0df2f {opacity:0 !important;}:where(.stk-hover-parent:hover,  .stk-hover-parent.stk--is-hovered) .stk-ce0df2f{opacity:1 !important;}.stk-ce0df2f .stk-block-text__text{color:#FFFFFF !important;}<\/style><p class=\"stk-block-text__text has-text-color has-white-color\"><\/p><\/div>\n<\/div><\/div><\/div>\n<\/div><\/div>\n\n\n\n<div class=\"wp-block-stackable-heading stk-block-heading stk-block-heading--v2 stk-block stk-73cf1d4\" id=\"eps-beyaz-esya-ve-ambalaj\" data-block-id=\"73cf1d4\"><style>.stk-73cf1d4 {margin-bottom:21px !important;}.stk-73cf1d4 .stk-block-heading__text{color:#003da5 !important;}<\/style><h2 class=\"stk-block-heading__text has-text-color\">EPS &#8211; Beyaz e\u015fya ve ambalaj <\/h2><\/div>\n\n\n\n<figure class=\"wp-block-table\"><table class=\"has-palette-color-8-background-color has-background has-fixed-layout\"><tbody><tr><td class=\"has-text-align-center\" data-align=\"center\"><\/td><td class=\"has-text-align-center\" data-align=\"center\"><strong><strong>Eurocell R Grades<\/strong> <\/strong><\/td><td class=\"has-text-align-center\" data-align=\"center\"><strong>Par\u00e7ac\u0131k Boyutu (mm)<\/strong><\/td><td class=\"has-text-align-center\" data-align=\"center\"><strong>Yo\u011funluk Aral\u0131\u011f\u0131 (kg\/m\u00b3)<\/strong><\/td><\/tr><tr><td class=\"has-text-align-center\" data-align=\"center\">Elektronik Cihazlar<\/td><td class=\"has-text-align-center\" data-align=\"center\">Eurocell 100R <br>Eurocell 150R<\/td><td class=\"has-text-align-center\" data-align=\"center\">0.40-0.80<br>0.50-1.00<\/td><td class=\"has-text-align-center\" data-align=\"center\">22-35 (tek genle\u015fme)<br>16-24 (tek genle\u015fme)<\/td><\/tr><tr><td class=\"has-text-align-center\" data-align=\"center\">Yal\u0131t\u0131ml\u0131 Is\u0131 Ta\u015f\u0131ma Kutular\u0131<\/td><td class=\"has-text-align-center\" data-align=\"center\">Eurocell 50R <br>Eurocell 100R <br>Eurocell 150R<\/td><td class=\"has-text-align-center\" data-align=\"center\">0.25-0.60<br>0.40-0.80<br>0.50-1.00<\/td><td class=\"has-text-align-center\" data-align=\"center\">23-60 (tek genle\u015fme)<br>22-35 (tek genle\u015fme)<br>16-24 (tek genle\u015fme)<\/td><\/tr><tr><td class=\"has-text-align-center\" data-align=\"center\">Dayan\u0131kl\u0131 T\u00fcketim Mallar\u0131<\/td><td class=\"has-text-align-center\" data-align=\"center\">Eurocell 100R <br>Eurocell 150R <br>Eurocell 200RL<\/td><td class=\"has-text-align-center\" data-align=\"center\">0.40-0.80<br>0.50-1.00<br>0.80-1.60<\/td><td class=\"has-text-align-center\" data-align=\"center\">22-35 (tek genle\u015fme)<br>16-24 (tek genle\u015fme)<br>10 ve alt\u0131 {\u00e7ift genle\u015fme)<\/td><\/tr><\/tbody><\/table><\/figure>\n\n\n\n<div class=\"wp-block-stackable-image stk-block-image stk-block stk-3a647d8\" data-block-id=\"3a647d8\"><figure><span class=\"stk-img-wrapper stk-image--shape-stretch\"><img loading=\"lazy\" decoding=\"async\" class=\"stk-img wp-image-2617\" src=\"http:\/\/www.retinagrafik.com.tr\/ravagoeps\/wp-content\/uploads\/2026\/01\/1.jpg\" width=\"1884\" height=\"448\" srcset=\"https:\/\/www.retinagrafik.com.tr\/ravagoeps\/wp-content\/uploads\/2026\/01\/1.jpg 1884w, https:\/\/www.retinagrafik.com.tr\/ravagoeps\/wp-content\/uploads\/2026\/01\/1-300x71.jpg 300w, https:\/\/www.retinagrafik.com.tr\/ravagoeps\/wp-content\/uploads\/2026\/01\/1-1024x243.jpg 1024w, https:\/\/www.retinagrafik.com.tr\/ravagoeps\/wp-content\/uploads\/2026\/01\/1-768x183.jpg 768w, https:\/\/www.retinagrafik.com.tr\/ravagoeps\/wp-content\/uploads\/2026\/01\/1-1536x365.jpg 1536w\" sizes=\"auto, (max-width: 1884px) 100vw, 1884px\" \/><\/span><\/figure><\/div>\n","protected":false},"excerpt":{"rendered":"<p>Beyaz E\u015fya ve Ambalaj EPS &#8211; Beyaz e\u015fya ve ambalaj Eurocell R Grades Par\u00e7ac\u0131k Boyutu (mm) Yo\u011funluk Aral\u0131\u011f\u0131 (kg\/m\u00b3) Elektronik Cihazlar Eurocell 100R Eurocell 150R 0.40-0.800.50-1.00 22-35 (tek genle\u015fme)16-24 (tek genle\u015fme) Yal\u0131t\u0131ml\u0131 Is\u0131 Ta\u015f\u0131ma Kutular\u0131 Eurocell 50R Eurocell 100R Eurocell 150R 0.25-0.600.40-0.800.50-1.00 23-60 (tek genle\u015fme)22-35 (tek genle\u015fme)16-24 (tek genle\u015fme) Dayan\u0131kl\u0131 T\u00fcketim Mallar\u0131 Eurocell 100R Eurocell [&hellip;]<\/p>\n","protected":false},"author":1,"featured_media":0,"parent":0,"menu_order":0,"comment_status":"closed","ping_status":"closed","template":"","meta":{"footnotes":""},"class_list":["post-2605","page","type-page","status-publish","hentry"],"blocksy_meta":[],"brizy_media":[],"_links":{"self":[{"href":"https:\/\/www.retinagrafik.com.tr\/ravagoeps\/wp-json\/wp\/v2\/pages\/2605","targetHints":{"allow":["GET"]}}],"collection":[{"href":"https:\/\/www.retinagrafik.com.tr\/ravagoeps\/wp-json\/wp\/v2\/pages"}],"about":[{"href":"https:\/\/www.retinagrafik.com.tr\/ravagoeps\/wp-json\/wp\/v2\/types\/page"}],"author":[{"embeddable":true,"href":"https:\/\/www.retinagrafik.com.tr\/ravagoeps\/wp-json\/wp\/v2\/users\/1"}],"replies":[{"embeddable":true,"href":"https:\/\/www.retinagrafik.com.tr\/ravagoeps\/wp-json\/wp\/v2\/comments?post=2605"}],"version-history":[{"count":14,"href":"https:\/\/www.retinagrafik.com.tr\/ravagoeps\/wp-json\/wp\/v2\/pages\/2605\/revisions"}],"predecessor-version":[{"id":2745,"href":"https:\/\/www.retinagrafik.com.tr\/ravagoeps\/wp-json\/wp\/v2\/pages\/2605\/revisions\/2745"}],"wp:attachment":[{"href":"https:\/\/www.retinagrafik.com.tr\/ravagoeps\/wp-json\/wp\/v2\/media?parent=2605"}],"curies":[{"name":"wp","href":"https:\/\/api.w.org\/{rel}","templated":true}]}}