{"id":2171,"date":"2025-12-12T15:42:09","date_gmt":"2025-12-12T12:42:09","guid":{"rendered":"https:\/\/www.retinagrafik.com.tr\/ravagoeps\/?page_id=2171"},"modified":"2025-12-12T15:46:51","modified_gmt":"2025-12-12T12:46:51","slug":"yonetim-sistemleri-politikamiz","status":"publish","type":"page","link":"https:\/\/www.retinagrafik.com.tr\/ravagoeps\/yonetim-sistemleri-politikamiz\/","title":{"rendered":"Y\u00d6NET\u0130M S\u0130STEMLER\u0130 POL\u0130T\u0130KAMIZ"},"content":{"rendered":"\n<div class=\"wp-block-stackable-image-box alignfull stk-block-image-box stk-hover-parent stk-block stk-b2f844f is-style-plain\" data-block-id=\"b2f844f\"><style>.stk-b2f844f {top:-66px !important;bottom:0px !important;}<\/style><div class=\"stk-block-content stk-inner-blocks has-text-align-left stk-row stk-block-image-box__content\">\n<div class=\"wp-block-stackable-image stk-block-image has-text-align-center stk-block stk-e8cb9f1\" data-block-id=\"e8cb9f1\"><style>.stk-e8cb9f1 {top:0px !important;overflow:auto !important;}.stk-e8cb9f1 .stk-img-wrapper{width:100% !important;height:420px !important;filter:drop-shadow(none) !important;--stk-gradient-overlay:0.4 !important;}.stk-e8cb9f1 .stk-img-wrapper::after{background-color:var(--theme-palette-color-4, #102136) !important;}:where(.stk-hover-parent:hover,  .stk-hover-parent.stk--is-hovered) .stk-e8cb9f1 .stk-img-wrapper::after{background-color:#000000B3 !important;}.stk-e8cb9f1 .stk-img-wrapper::after, .stk-e8cb9f1 .stk-img-wrapper::before{mix-blend-mode:multiply !important;}<\/style><figure><span class=\"stk-img-wrapper stk-image--shape-stretch stk--shadow-none\"><img loading=\"lazy\" decoding=\"async\" class=\"stk-img wp-image-1713\" src=\"http:\/\/www.retinagrafik.com.tr\/ravagoeps\/wp-content\/uploads\/2025\/12\/carroussel-item2-mountain-climber-2427191_1920_lowQ.jpg\" width=\"1920\" height=\"1080\" srcset=\"https:\/\/www.retinagrafik.com.tr\/ravagoeps\/wp-content\/uploads\/2025\/12\/carroussel-item2-mountain-climber-2427191_1920_lowQ.jpg 1920w, https:\/\/www.retinagrafik.com.tr\/ravagoeps\/wp-content\/uploads\/2025\/12\/carroussel-item2-mountain-climber-2427191_1920_lowQ-300x169.jpg 300w, https:\/\/www.retinagrafik.com.tr\/ravagoeps\/wp-content\/uploads\/2025\/12\/carroussel-item2-mountain-climber-2427191_1920_lowQ-1024x576.jpg 1024w, https:\/\/www.retinagrafik.com.tr\/ravagoeps\/wp-content\/uploads\/2025\/12\/carroussel-item2-mountain-climber-2427191_1920_lowQ-768x432.jpg 768w, https:\/\/www.retinagrafik.com.tr\/ravagoeps\/wp-content\/uploads\/2025\/12\/carroussel-item2-mountain-climber-2427191_1920_lowQ-1536x864.jpg 1536w, https:\/\/www.retinagrafik.com.tr\/ravagoeps\/wp-content\/uploads\/2025\/12\/carroussel-item2-mountain-climber-2427191_1920_lowQ-600x338.jpg 600w\" sizes=\"auto, (max-width: 1920px) 100vw, 1920px\" \/><\/span><\/figure><\/div>\n\n\n\n<div class=\"wp-block-stackable-column stk-block-column stk-column stk-block stk-b6a29b7\" data-v=\"4\" data-block-id=\"b6a29b7\"><style>.stk-b6a29b7-inner-blocks{justify-content:flex-end !important;}.stk-b6a29b7-container{padding-top:32px !important;padding-right:32px !important;padding-bottom:32px !important;padding-left:32px !important;display:flex !important;}<\/style><div class=\"stk-column-wrapper stk-block-column__content stk-container stk-b6a29b7-container stk--no-background stk--no-padding\"><div class=\"stk-block-content stk-inner-blocks stk-b6a29b7-inner-blocks\">\n<div class=\"wp-block-stackable-heading alignfull stk-block-heading stk-block-heading--v2 stk-block stk-acf1e2a\" id=\"strong-yonetim-sistemleri-politikamiz-strong\" data-block-id=\"acf1e2a\"><style>.stk-acf1e2a {margin-bottom:8px !important;top:-100px !important;}.stk-acf1e2a .stk-block-heading__text{font-size:var(--stk--preset--font-size--large, 30px) !important;color:#FFFFFF !important;}@media screen and (max-width:999px){.stk-acf1e2a .stk-block-heading__text{font-size:var(--stk--preset--font-size--large, 30px) !important;}}<\/style><h2 class=\"stk-block-heading__text has-text-color has-white-color has-text-align-center\"><strong>Y\u00d6NET\u0130M S\u0130STEMLER\u0130 POL\u0130T\u0130KAMIZ<\/strong><\/h2><\/div>\n\n\n\n<div class=\"wp-block-stackable-heading alignfull stk-block-heading stk-block-heading--v2 stk-block stk-11c0c64\" data-block-id=\"11c0c64\"><style>.stk-11c0c64 .stk-block-heading__text{font-size:var(--stk--preset--font-size--large, 30px) !important;color:#FFFFFF !important;}@media screen and (max-width:999px){.stk-11c0c64 .stk-block-heading__text{font-size:var(--stk--preset--font-size--large, 30px) !important;}}<\/style><h3 class=\"stk-block-heading__text has-text-color has-white-color has-text-align-center\"><\/h3><\/div>\n\n\n\n<div class=\"wp-block-stackable-text stk-block-text stk-block stk-ce0df2f\" data-block-id=\"ce0df2f\"><style>.stk-ce0df2f {opacity:0 !important;}:where(.stk-hover-parent:hover,  .stk-hover-parent.stk--is-hovered) .stk-ce0df2f{opacity:1 !important;}.stk-ce0df2f .stk-block-text__text{color:#FFFFFF !important;}<\/style><p class=\"stk-block-text__text has-text-color has-white-color\"><\/p><\/div>\n<\/div><\/div><\/div>\n<\/div><\/div>\n\n\n\n<div class=\"wp-block-stackable-heading stk-block-heading stk-block-heading--v2 stk-block stk-836d105\" id=\"ravago-turkiye-kalite-cevre-is-sagligi-ve-guvenligi-enerji-ve-bilgi-guvenligi-yonetim-sistemleri-bakis-acisi-ile-insan-cevre-ve-musteri-odakli-surdurulebilir-bir-sirket-olarak-bu-politikanin-etkin-bir-sekilde-uygulanmasindan-sorumludur\" data-block-id=\"836d105\"><style>.stk-836d105 .stk-block-heading__text{color:var(--theme-palette-color-4, #102136) !important;}<\/style><h5 class=\"stk-block-heading__text has-text-color\">Ravago T\u00fcrkiye; Kalite, \u00c7evre, \u0130\u015f Sa\u011fl\u0131\u011f\u0131 ve G\u00fcvenli\u011fi, Enerji ve Bilgi G\u00fcvenli\u011fi Y\u00f6netim Sistemleri bak\u0131\u015f a\u00e7\u0131s\u0131 ile insan, \u00e7evre ve m\u00fc\u015fteri odakl\u0131 s\u00fcrd\u00fcr\u00fclebilir bir \u015firket olarak bu politikan\u0131n etkin bir \u015fekilde uygulanmas\u0131ndan sorumludur.<\/h5><\/div>\n\n\n\n<div class=\"wp-block-stackable-subtitle stk-block-subtitle stk-block stk-97544f8\" data-block-id=\"97544f8\"><style>.stk-97544f8 {margin-bottom:9px !important;}<\/style><p class=\"stk-block-subtitle__text stk-subtitle\">Bu ama\u00e7la;<\/p><\/div>\n\n\n\n<ul class=\"wp-block-list\">\n<li class=\"has-palette-color-4-color has-text-color has-link-color wp-elements-81b0039f8d09fa966e0473720f809690\">\u00c7al\u0131\u015fanlar\u0131n\u0131n motivasyon ve verimlili\u011fini sa\u011flamak,<\/li>\n\n\n\n<li class=\"has-palette-color-4-color has-text-color has-link-color wp-elements-759570e1a313fb7f20a1d6ff34f4b276\">M\u00fc\u015fteri beklentilerini kar\u015f\u0131layarak m\u00fc\u015fteri memnuniyetini kesintisiz s\u00fcrd\u00fcrmeyi ve s\u00fcrekli iyile\u015ftirmek,<\/li>\n\n\n\n<li class=\"has-palette-color-4-color has-text-color has-link-color wp-elements-63b793559dbb7db71a6a0bd78d9fb844\">Teknolojik yenilikleri takip ederek, kaliteli, enerji bak\u0131m\u0131ndan verimli, enerji performans\u0131n\u0131 iyile\u015ftirme odakl\u0131 ve \u00e7evreye etkileri minimum olan hammadde, hizmet ve te\u00e7hizat\u0131n tedarik edilmesi ile birlikte \u00fcr\u00fcnleri tasarlayarak \u00fcretip, bunlar\u0131 ekonomik ko\u015fullarda m\u00fc\u015fterilerin hizmetine sunmak,<\/li>\n\n\n\n<li class=\"has-palette-color-4-color has-text-color has-link-color wp-elements-63b793559dbb7db71a6a0bd78d9fb844\">Teknolojik yenilikleri takip ederek, kaliteli, enerji bak\u0131m\u0131ndan verimli, enerji performans\u0131n\u0131 iyile\u015ftirme odakl\u0131 ve \u00e7evreye etkileri minimum olan hammadde, hizmet ve te\u00e7hizat\u0131n tedarik edilmesi ile birlikte \u00fcr\u00fcnleri tasarlayarak \u00fcretip, bunlar\u0131 ekonomik ko\u015fullarda m\u00fc\u015fterilerin hizmetine sunmak,<\/li>\n\n\n\n<li class=\"has-palette-color-4-color has-text-color has-link-color wp-elements-39980ac5344abb75ed4fe3b13b808d56\">\u0130klim de\u011fi\u015fikli\u011fi de dahil olmak \u00fczere ger\u00e7ekle\u015ftirdi\u011fimiz t\u00fcm faaliyetlerden kaynakl\u0131 \u00e7evreye ve insan sa\u011fl\u0131\u011f\u0131na zarar verebilecek her t\u00fcrl\u00fc olumsuz etkileri belirleyip kontrol alt\u0131nda tutmak,\u00a0<\/li>\n\n\n\n<li class=\"has-palette-color-4-color has-text-color has-link-color wp-elements-4ffff6d009e611cdc6693f6d1d5e5837\"><a href=\"https:\/\/www.ravagopetrokimya.com\/tr\/operation-clean-sweep-peletlerin-cevreye-kaybini-onleme\/\"><strong>OCS (Operational Clean Sweep) Program\u0131<\/strong><\/a>, kapsam\u0131nda Plastik gran\u00fcl kayb\u0131n\u0131 ve at\u0131klar\u0131 azalt\u0131p, geri d\u00f6n\u00fc\u015f\u00fcm oran\u0131n\u0131 art\u0131rarak, \u00e7evre kirlili\u011fini \u00f6nleyici \u00e7al\u0131\u015fmalar yapmay\u0131, \u00e7evresel dengeyi ve do\u011fal kaynaklar\u0131 korumak,<\/li>\n\n\n\n<li class=\"has-palette-color-4-color has-text-color has-link-color wp-elements-44af9c970419979402db5f45a18cde76\">Meslek hastal\u0131klar\u0131 ve i\u015f kazalar\u0131n\u0131 ortadan kald\u0131rma yolundaki \u00e7al\u0131\u015fmalar\u0131 ger\u00e7ekle\u015ftirmek,<\/li>\n\n\n\n<li class=\"has-palette-color-4-color has-text-color has-link-color wp-elements-b363010efa6b877ed3f768cdeedacee0\">Muhtemel B\u00fcy\u00fck End\u00fcstriyel Kazalar\u0131n olu\u015fmas\u0131n\u0131 proaktif yakla\u015f\u0131mla \u00f6nlemek ve kaza olmas\u0131 durumunda da kazan\u0131n etkilerini azaltmak amac\u0131yla gerekli tedbirleri almak,<\/li>\n\n\n\n<li class=\"has-palette-color-4-color has-text-color has-link-color wp-elements-c48053df44eebddc35a28d3618666074\">\u00c7al\u0131\u015fanlar\u0131n ve \u00e7al\u0131\u015fan temsilcilerinin dan\u0131\u015fma ve kat\u0131l\u0131m\u0131n\u0131 sa\u011flamak,<\/li>\n\n\n\n<li class=\"has-palette-color-4-color has-text-color has-link-color wp-elements-a3b97c5c2922fcece9e1432731d2b953\">Enerjiyi verimli kullanmak, yenilenebilir enerji kaynaklar\u0131n\u0131n enerji kullan\u0131m\u0131ndaki pay\u0131n\u0131 art\u0131rmak,<\/li>\n\n\n\n<li class=\"has-palette-color-4-color has-text-color has-link-color wp-elements-64aeb59e14f9888728300690f97e004e\">Ama\u00e7lar\u0131n ve kalite, \u00e7evre, i\u015f sa\u011fl\u0131\u011f\u0131, bilgi g\u00fcvenli\u011fi ve enerji hedeflerinin ger\u00e7ekle\u015ftirilmesi i\u00e7in bilgi ve gerekli kaynaklar\u0131n varl\u0131\u011f\u0131n\u0131 sa\u011flamak,<\/li>\n\n\n\n<li class=\"has-palette-color-4-color has-text-color has-link-color wp-elements-8ea1fc3e0c8c2dabfa8ffb39fde91c08\">\u00c7al\u0131\u015fmalar\u0131m\u0131z\u0131n t\u00fcm a\u015famalar\u0131nda kalite, \u00e7evre, i\u015f sa\u011fl\u0131\u011f\u0131, bilgi g\u00fcvenli\u011fi ve enerji konular\u0131na ili\u015fkin uygulanabilir yasal \u015fartlara ve di\u011fer \u015fartlara uymak, \u00a0\u00a0<\/li>\n\n\n\n<li class=\"has-palette-color-4-color has-text-color has-link-color wp-elements-a698d7c759f80d794c09f967347ba3f9\">Riskleri etkin bi\u00e7imde y\u00f6neterek t\u00fcm s\u00fcre\u00e7leri s\u00fcrekli iyile\u015ftirerek i\u015f s\u00fcreklili\u011fini sa\u011flamak, f\u0131rsatlar\u0131n do\u011fmas\u0131na olanak sa\u011flamak,\u00a0<\/li>\n\n\n\n<li class=\"has-palette-color-4-color has-text-color has-link-color wp-elements-2a068f37c01f47b07bfe5d77f1f77a1b\">Kurumsal bilgileri gizlilik, b\u00fct\u00fcnl\u00fck ve eri\u015filebilirlik unsurlar\u0131 a\u00e7\u0131s\u0131ndan korumay\u0131 ve g\u00fcvenlik ihlallerinden do\u011fan risklerin en aza indirgenmesini sa\u011flamak,<\/li>\n\n\n\n<li class=\"has-palette-color-4-color has-text-color has-link-color wp-elements-4db1437862e5b40df9767308a66535b4\">G\u00fcvenlik olaylar\u0131ndan do\u011fan her t\u00fcrl\u00fc gelir veya f\u0131rsat kayb\u0131n\u0131 en aza indirmek<\/li>\n\n\n\n<li class=\"has-palette-color-4-color has-text-color has-link-color wp-elements-9b58a5101508e393f0f259328b0a1c70\">Uygulamalar\u0131m\u0131zda payda\u015flar\u0131m\u0131za kar\u015f\u0131 \u015feffaf olmak,<\/li>\n\n\n\n<li class=\"has-palette-color-4-color has-text-color has-link-color wp-elements-d8c2323377d883b25576b3c211791bbe\">Kalite, \u00c7evre, \u0130\u015f Sa\u011fl\u0131\u011f\u0131 ve G\u00fcvenli\u011fi, Enerji ve Bilgi G\u00fcvenli\u011fi y\u00f6netim sistemlerinin gereklerini yerine getirecek \u015fekilde performans\u0131 ve etkinli\u011fini s\u00fcrd\u00fcrerek art\u0131rmak, s\u00fcrekli iyile\u015ftirmek ve fark\u0131ndal\u0131\u011f\u0131n\u0131 art\u0131rmak,<\/li>\n\n\n\n<li class=\"has-palette-color-4-color has-text-color has-link-color wp-elements-63911ef377de7d4f1a7c1ba38dca89a2\">Ravago\u2019nun itibar\u0131n\u0131 ve g\u00fcvenilirli\u011fini korumak, temel y\u00f6netim \u00f6nceli\u011fimizdir.<\/li>\n<\/ul>\n\n\n\n<p class=\"has-palette-color-4-color has-text-color has-link-color wp-elements-3ebf03907103776304beb716b7dc5260\">temel y\u00f6netim \u00f6nceli\u011fimizdir.<\/p>\n\n\n\n<p class=\"has-palette-color-4-color has-text-color has-link-color wp-elements-cb88806b7bd60b13544863869cfe298b\">S\u00fcrd\u00fcr\u00fclebilirlik taahh\u00fcd\u00fcm\u00fcz hakk\u0131nda daha fazla bilgi almak i\u00e7in l\u00fctfen<a href=\"https:\/\/www.retinagrafik.com.tr\/ravagoeps\/surdurulebilirlik\/\" data-type=\"page\" data-id=\"1996\">\u00a0<strong>S\u00fcrd\u00fcr\u00fclebilirlik sayfam\u0131z\u0131<\/strong><\/a>\u00a0ziyaret edin. Y\u00f6netim Sistemleri hakk\u0131nda daha fazla bilgi ve\/veya sorular\u0131n\u0131z i\u00e7in l\u00fctfen bizimle\u00a0<strong><a href=\"https:\/\/www.ravagopetrokimya.com\/contact\/\">ileti\u015fime<\/a><\/strong>\u00a0ge\u00e7in.<\/p>\n\n\n\n<p><\/p>\n","protected":false},"excerpt":{"rendered":"<p>Y\u00d6NET\u0130M S\u0130STEMLER\u0130 POL\u0130T\u0130KAMIZ Ravago T\u00fcrkiye; Kalite, \u00c7evre, \u0130\u015f Sa\u011fl\u0131\u011f\u0131 ve G\u00fcvenli\u011fi, Enerji ve Bilgi G\u00fcvenli\u011fi Y\u00f6netim Sistemleri bak\u0131\u015f a\u00e7\u0131s\u0131 ile insan, \u00e7evre ve m\u00fc\u015fteri odakl\u0131 s\u00fcrd\u00fcr\u00fclebilir bir \u015firket olarak bu politikan\u0131n etkin bir \u015fekilde uygulanmas\u0131ndan sorumludur. Bu ama\u00e7la; temel y\u00f6netim \u00f6nceli\u011fimizdir. S\u00fcrd\u00fcr\u00fclebilirlik taahh\u00fcd\u00fcm\u00fcz hakk\u0131nda daha fazla bilgi almak i\u00e7in l\u00fctfen\u00a0S\u00fcrd\u00fcr\u00fclebilirlik sayfam\u0131z\u0131\u00a0ziyaret edin. Y\u00f6netim Sistemleri hakk\u0131nda [&hellip;]<\/p>\n","protected":false},"author":1,"featured_media":0,"parent":0,"menu_order":0,"comment_status":"closed","ping_status":"closed","template":"","meta":{"footnotes":""},"class_list":["post-2171","page","type-page","status-publish","hentry"],"blocksy_meta":[],"brizy_media":[],"_links":{"self":[{"href":"https:\/\/www.retinagrafik.com.tr\/ravagoeps\/wp-json\/wp\/v2\/pages\/2171","targetHints":{"allow":["GET"]}}],"collection":[{"href":"https:\/\/www.retinagrafik.com.tr\/ravagoeps\/wp-json\/wp\/v2\/pages"}],"about":[{"href":"https:\/\/www.retinagrafik.com.tr\/ravagoeps\/wp-json\/wp\/v2\/types\/page"}],"author":[{"embeddable":true,"href":"https:\/\/www.retinagrafik.com.tr\/ravagoeps\/wp-json\/wp\/v2\/users\/1"}],"replies":[{"embeddable":true,"href":"https:\/\/www.retinagrafik.com.tr\/ravagoeps\/wp-json\/wp\/v2\/comments?post=2171"}],"version-history":[{"count":5,"href":"https:\/\/www.retinagrafik.com.tr\/ravagoeps\/wp-json\/wp\/v2\/pages\/2171\/revisions"}],"predecessor-version":[{"id":2176,"href":"https:\/\/www.retinagrafik.com.tr\/ravagoeps\/wp-json\/wp\/v2\/pages\/2171\/revisions\/2176"}],"wp:attachment":[{"href":"https:\/\/www.retinagrafik.com.tr\/ravagoeps\/wp-json\/wp\/v2\/media?parent=2171"}],"curies":[{"name":"wp","href":"https:\/\/api.w.org\/{rel}","templated":true}]}}