{"id":2153,"date":"2025-12-12T15:26:25","date_gmt":"2025-12-12T12:26:25","guid":{"rendered":"https:\/\/www.retinagrafik.com.tr\/ravagoeps\/?page_id=2153"},"modified":"2025-12-31T13:42:33","modified_gmt":"2025-12-31T10:42:33","slug":"operation-clean-sweep","status":"publish","type":"page","link":"https:\/\/www.retinagrafik.com.tr\/ravagoeps\/operation-clean-sweep\/","title":{"rendered":"Operation Clean Sweep"},"content":{"rendered":"\n<div class=\"wp-block-stackable-heading stk-block-heading stk-block-heading--v2 stk-block stk-ed5d74e\" id=\"operation-clean-sweep-peletlerin-cevreye-kaybini-onleme\" data-block-id=\"ed5d74e\"><style>.stk-ed5d74e .stk-block-heading__text{color:var(--theme-palette-color-4, #102136) !important;}<\/style><h2 class=\"stk-block-heading__text has-text-color\">Operation Clean Sweep\u00ae \u2013 Peletlerin \u00e7evreye kayb\u0131n\u0131 \u00f6nleme<\/h2><\/div>\n\n\n\n<div class=\"wp-block-stackable-subtitle stk-block-subtitle stk-block stk-1a780c3\" data-block-id=\"1a780c3\"><p class=\"stk-block-subtitle__text stk-subtitle\"><span style=\"color: var(--theme-palette-color-4, #102136);\" class=\"stk-highlight\">Ravago Grubu olarak, plastik pelet, pul ve tozlar\u0131n \u00e7evreye kar\u0131\u015fmas\u0131n\u0131 \u00f6nlemeyi ama\u00e7layan<strong>&nbsp;Operation Clean Sweep\u00ae (OCS)&nbsp;<\/strong>program\u0131na ba\u011fl\u0131l\u0131\u011f\u0131m\u0131z\u0131 s\u00fcrd\u00fcr\u00fcyoruz. Bu program, Ravago\u2019nun S\u00fcrd\u00fcr\u00fclebilirlik S\u00fctunlar\u0131ndan biri olan<strong>&nbsp;\u201cSorumlu Operasyonlar\u201d<\/strong>&nbsp;ilkesiyle uyumlu olup, plastik polimerlerin \u00e7evre \u00fczerindeki etkisini en aza indirerek sorumlu bir \u015fekilde y\u00f6netildi\u011fi bir d\u00fcnya yaratmay\u0131 hedeflemektedir.<\/span><\/p><\/div>\n\n\n\n<div class=\"wp-block-cover alignfull has-parallax wp-duotone-unset-1\"><div class=\"wp-block-cover__image-background wp-image-2156 size-large has-parallax\" style=\"background-position:50% 50%;background-image:url(http:\/\/www.retinagrafik.com.tr\/ravagoeps\/wp-content\/uploads\/2025\/12\/3-1024x576.png)\"><\/div><span aria-hidden=\"true\" class=\"wp-block-cover__background has-background-dim-40 has-background-dim\" style=\"background-color:#000000\"><\/span><div class=\"wp-block-cover__inner-container is-layout-flow wp-block-cover-is-layout-flow\">\n<h1 class=\"wp-block-heading alignwide has-white-color has-text-color\" style=\"font-size:0px;line-height:1.2\"><\/h1>\n\n\n\n<div class=\"wp-block-columns alignwide is-layout-flex wp-container-core-columns-is-layout-28f84493 wp-block-columns-is-layout-flex\">\n<div class=\"wp-block-column is-layout-flow wp-block-column-is-layout-flow\">\n<div class=\"wp-block-stackable-subtitle stk-block-subtitle stk-block stk-a87b17e\" data-block-id=\"a87b17e\"><style>.stk-a87b17e .stk-block-subtitle__text{font-size:var(--stk--preset--font-size--medium, 20px) !important;color:var(--theme-palette-color-8, #ffffff) !important;}@media screen and (max-width:999px){.stk-a87b17e .stk-block-subtitle__text{font-size:var(--stk--preset--font-size--medium, 20px) !important;}}<\/style><p class=\"stk-block-subtitle__text stk-subtitle has-text-color has-text-align-center\">D\u00fcnyan\u0131n d\u00f6rt bir yan\u0131ndaki \u00fcretim ve lojistik tesislerimiz bu \u00f6nemli inisiyatife dahil olmu\u015f olup, her tesis plastik kayb\u0131n\u0131 <br>\u00f6nlemek amac\u0131yla riskleri belirlemek i\u00e7in bir bo\u015fluk analizi ger\u00e7ekle\u015ftirecektir. OCS uygulamalar\u0131n\u0131 \u00fcretim sahalar\u0131m\u0131z ve <br>lojistik tesislerimizde hayata ge\u00e7irirken, ayn\u0131 zamanda bu program\u0131 t\u00fcm de\u011fer zincirimize yaymay\u0131 da hedefliyoruz.<\/p><\/div>\n<\/div>\n<\/div>\n<\/div><\/div>\n\n\n\n<div class=\"wp-block-stackable-heading stk-block-heading stk-block-heading--v2 stk-block stk-3defe58\" id=\"strong-ocs-gerekliliklerine-uyum-saglamak-amaciyla-asagidaki-adimlari-uyguluyoruz-strong\" data-block-id=\"3defe58\"><style>.stk-3defe58 .stk-block-heading__text{color:var(--theme-palette-color-4, #102136) !important;}<\/style><h5 class=\"stk-block-heading__text has-text-color\"><strong>OCS gerekliliklerine&nbsp;uyum sa\u011flamak amac\u0131yla a\u015fa\u011f\u0131daki ad\u0131mlar\u0131 uyguluyoruz:<\/strong><\/h5><\/div>\n\n\n\n<div class=\"wp-block-stackable-columns stk-block-columns stk-block stk-f202f21\" data-block-id=\"f202f21\"><style>.stk-f202f21 {margin-bottom:0px !important;}<\/style><div class=\"stk-row stk-inner-blocks stk-block-content stk-content-align stk-f202f21-column\">\n<div class=\"wp-block-stackable-column stk-block-column stk-column stk-block stk-5604686\" data-v=\"4\" data-block-id=\"5604686\"><style>@media screen and (min-width:690px){.stk-5604686 {flex:var(--stk-flex-grow, 1) 1 calc(11.4% - var(--stk-column-gap, 0px) * 1 \/ 2 ) !important;}}<\/style><div class=\"stk-column-wrapper stk-block-column__content stk-container stk-5604686-container stk--no-background stk--no-padding\"><div class=\"stk-block-content stk-inner-blocks stk-5604686-inner-blocks\">\n<div class=\"wp-block-stackable-image stk-block-image stk-block stk-bc41bc9\" data-block-id=\"bc41bc9\"><style>.stk-bc41bc9 .stk-img-wrapper{width:86px !important;}<\/style><figure><span class=\"stk-img-wrapper stk-image--shape-stretch\"><img loading=\"lazy\" decoding=\"async\" class=\"stk-img wp-image-2158\" src=\"http:\/\/www.retinagrafik.com.tr\/ravagoeps\/wp-content\/uploads\/2025\/12\/image2.png\" width=\"86\" height=\"86\"\/><\/span><\/figure><\/div>\n<\/div><\/div><\/div>\n\n\n\n<div class=\"wp-block-stackable-column stk-block-column stk-column stk-block stk-5753e05\" data-v=\"4\" data-block-id=\"5753e05\"><style>.stk-5753e05-inner-blocks{justify-content:center !important;}@media screen and (min-width:690px){.stk-5753e05 {flex:var(--stk-flex-grow, 1) 1 calc(88.6% - var(--stk-column-gap, 0px) * 1 \/ 2 ) !important;}}<\/style><div class=\"stk-column-wrapper stk-block-column__content stk-container stk-5753e05-container stk--no-background stk--no-padding\"><div class=\"stk--column-flex stk-block-content stk-inner-blocks stk-5753e05-inner-blocks\">\n<div class=\"wp-block-stackable-subtitle stk-block-subtitle stk-block stk-537da46\" data-block-id=\"537da46\"><p class=\"stk-block-subtitle__text stk-subtitle\"><span style=\"color: var(--theme-palette-color-4, #102136);\" class=\"stk-highlight\">Plastik kayb\u0131na (pelet, pul ve toz) neden olabilecek potansiyel kaynaklar\u0131 tespit etmek ve ortadan kald\u0131rmak<\/span><\/p><\/div>\n<\/div><\/div><\/div>\n<\/div><\/div>\n\n\n\n<div class=\"wp-block-stackable-columns stk-block-columns stk-block stk-758f3d2\" data-block-id=\"758f3d2\"><style>.stk-758f3d2 {margin-bottom:0px !important;}<\/style><div class=\"stk-row stk-inner-blocks stk-block-content stk-content-align stk-758f3d2-column\">\n<div class=\"wp-block-stackable-column stk-block-column stk-column stk-block stk-7b9c93a\" data-v=\"4\" data-block-id=\"7b9c93a\"><style>@media screen and (min-width:690px){.stk-7b9c93a {flex:var(--stk-flex-grow, 1) 1 calc(11.4% - var(--stk-column-gap, 0px) * 1 \/ 2 ) !important;}}<\/style><div class=\"stk-column-wrapper stk-block-column__content stk-container stk-7b9c93a-container stk--no-background stk--no-padding\"><div class=\"stk-block-content stk-inner-blocks stk-7b9c93a-inner-blocks\">\n<div class=\"wp-block-stackable-image stk-block-image stk-block stk-6beba3c\" data-block-id=\"6beba3c\"><style>.stk-6beba3c .stk-img-wrapper{width:86px !important;}<\/style><figure><span class=\"stk-img-wrapper stk-image--shape-stretch\"><img loading=\"lazy\" decoding=\"async\" class=\"stk-img wp-image-2160\" src=\"http:\/\/www.retinagrafik.com.tr\/ravagoeps\/wp-content\/uploads\/2025\/12\/image.png\" width=\"86\" height=\"86\"\/><\/span><\/figure><\/div>\n<\/div><\/div><\/div>\n\n\n\n<div class=\"wp-block-stackable-column stk-block-column stk-column stk-block stk-0c9e93d\" data-v=\"4\" data-block-id=\"0c9e93d\"><style>.stk-0c9e93d-inner-blocks{justify-content:center !important;}@media screen and (min-width:690px){.stk-0c9e93d {flex:var(--stk-flex-grow, 1) 1 calc(88.6% - var(--stk-column-gap, 0px) * 1 \/ 2 ) !important;}}<\/style><div class=\"stk-column-wrapper stk-block-column__content stk-container stk-0c9e93d-container stk--no-background stk--no-padding\"><div class=\"stk--column-flex stk-block-content stk-inner-blocks stk-0c9e93d-inner-blocks\">\n<div class=\"wp-block-stackable-subtitle stk-block-subtitle stk-block stk-a3830eb\" data-block-id=\"a3830eb\"><p class=\"stk-block-subtitle__text stk-subtitle\"><span style=\"color: var(--theme-palette-color-4, #102136);\" class=\"stk-highlight\">Pelet, film veya toz tutucular\u0131n kurulumu gibi teknik iyile\u015ftirmeleri hayata ge\u00e7irmek ve iyi \u00fcretim uygulamalar\u0131n\u0131 s\u00fcrd\u00fcrmek<\/span><\/p><\/div>\n<\/div><\/div><\/div>\n<\/div><\/div>\n\n\n\n<div class=\"wp-block-stackable-columns stk-block-columns stk-block stk-1f036a7\" data-block-id=\"1f036a7\"><style>.stk-1f036a7 {margin-bottom:0px !important;}<\/style><div class=\"stk-row stk-inner-blocks stk-block-content stk-content-align stk-1f036a7-column\">\n<div class=\"wp-block-stackable-column stk-block-column stk-column stk-block stk-6d8dbd1\" data-v=\"4\" data-block-id=\"6d8dbd1\"><style>@media screen and (min-width:690px){.stk-6d8dbd1 {flex:var(--stk-flex-grow, 1) 1 calc(11.4% - var(--stk-column-gap, 0px) * 1 \/ 2 ) !important;}}<\/style><div class=\"stk-column-wrapper stk-block-column__content stk-container stk-6d8dbd1-container stk--no-background stk--no-padding\"><div class=\"stk-block-content stk-inner-blocks stk-6d8dbd1-inner-blocks\">\n<div class=\"wp-block-stackable-image stk-block-image stk-block stk-e438cd6\" data-block-id=\"e438cd6\"><style>.stk-e438cd6 .stk-img-wrapper{width:86px !important;}<\/style><figure><span class=\"stk-img-wrapper stk-image--shape-stretch\"><img loading=\"lazy\" decoding=\"async\" class=\"stk-img wp-image-2161\" src=\"http:\/\/www.retinagrafik.com.tr\/ravagoeps\/wp-content\/uploads\/2025\/12\/image3.png\" width=\"86\" height=\"86\"\/><\/span><\/figure><\/div>\n<\/div><\/div><\/div>\n\n\n\n<div class=\"wp-block-stackable-column stk-block-column stk-column stk-block stk-3c0c50c\" data-v=\"4\" data-block-id=\"3c0c50c\"><style>.stk-3c0c50c-inner-blocks{justify-content:center !important;}@media screen and (min-width:690px){.stk-3c0c50c {flex:var(--stk-flex-grow, 1) 1 calc(88.6% - var(--stk-column-gap, 0px) * 1 \/ 2 ) !important;}}<\/style><div class=\"stk-column-wrapper stk-block-column__content stk-container stk-3c0c50c-container stk--no-background stk--no-padding\"><div class=\"stk--column-flex stk-block-content stk-inner-blocks stk-3c0c50c-inner-blocks\">\n<div class=\"wp-block-stackable-subtitle stk-block-subtitle stk-block stk-136cde6\" data-block-id=\"136cde6\"><p class=\"stk-block-subtitle__text stk-subtitle\"><span style=\"color: var(--theme-palette-color-4, #102136);\" class=\"stk-highlight\">\u00c7al\u0131\u015fanlar\u0131m\u0131z\u0131 ve i\u015f ortaklar\u0131m\u0131z\u0131, plastik kayb\u0131n\u0131n \u00f6nlenmesi, kontrol alt\u0131na al\u0131nmas\u0131 ve temizlenmesi konular\u0131nda fark\u0131ndal\u0131k ve sorumluluk bilinciyle e\u011fitmek<\/span><\/p><\/div>\n<\/div><\/div><\/div>\n<\/div><\/div>\n\n\n\n<div class=\"wp-block-stackable-columns stk-block-columns stk-block stk-790147a\" data-block-id=\"790147a\"><style>.stk-790147a {margin-bottom:0px !important;}<\/style><div class=\"stk-row stk-inner-blocks stk-block-content stk-content-align stk-790147a-column\">\n<div class=\"wp-block-stackable-column stk-block-column stk-column stk-block stk-7d6e67e\" data-v=\"4\" data-block-id=\"7d6e67e\"><style>@media screen and (min-width:690px){.stk-7d6e67e {flex:var(--stk-flex-grow, 1) 1 calc(11.4% - var(--stk-column-gap, 0px) * 1 \/ 2 ) !important;}}<\/style><div class=\"stk-column-wrapper stk-block-column__content stk-container stk-7d6e67e-container stk--no-background stk--no-padding\"><div class=\"stk-block-content stk-inner-blocks stk-7d6e67e-inner-blocks\">\n<div class=\"wp-block-stackable-image stk-block-image stk-block stk-9072a71\" data-block-id=\"9072a71\"><style>.stk-9072a71 .stk-img-wrapper{width:86px !important;}<\/style><figure><span class=\"stk-img-wrapper stk-image--shape-stretch\"><img loading=\"lazy\" decoding=\"async\" class=\"stk-img wp-image-2162\" src=\"http:\/\/www.retinagrafik.com.tr\/ravagoeps\/wp-content\/uploads\/2025\/12\/image4.png\" width=\"86\" height=\"86\"\/><\/span><\/figure><\/div>\n<\/div><\/div><\/div>\n\n\n\n<div class=\"wp-block-stackable-column stk-block-column stk-column stk-block stk-87b83e5\" data-v=\"4\" data-block-id=\"87b83e5\"><style>.stk-87b83e5-inner-blocks{justify-content:center !important;}@media screen and (min-width:690px){.stk-87b83e5 {flex:var(--stk-flex-grow, 1) 1 calc(88.6% - var(--stk-column-gap, 0px) * 1 \/ 2 ) !important;}}<\/style><div class=\"stk-column-wrapper stk-block-column__content stk-container stk-87b83e5-container stk--no-background stk--no-padding\"><div class=\"stk--column-flex stk-block-content stk-inner-blocks stk-87b83e5-inner-blocks\">\n<div class=\"wp-block-stackable-subtitle stk-block-subtitle stk-block stk-6474f6e\" data-block-id=\"6474f6e\"><p class=\"stk-block-subtitle__text stk-subtitle\"><span style=\"color: var(--theme-palette-color-4, #102136);\" class=\"stk-highlight\">\u0130lerlemesini somut hedefler ve d\u00fczenli saha denetimleri (housekeeping turlar\u0131) ile izlemek<\/span><\/p><\/div>\n<\/div><\/div><\/div>\n<\/div><\/div>\n\n\n\n<div class=\"wp-block-stackable-columns stk-block-columns stk-block stk-6ce9cf4\" data-block-id=\"6ce9cf4\"><style>.stk-6ce9cf4 {margin-bottom:0px !important;}<\/style><div class=\"stk-row stk-inner-blocks stk-block-content stk-content-align stk-6ce9cf4-column\">\n<div class=\"wp-block-stackable-column stk-block-column stk-column stk-block stk-44eb620\" data-v=\"4\" data-block-id=\"44eb620\"><style>@media screen and (min-width:690px){.stk-44eb620 {flex:var(--stk-flex-grow, 1) 1 calc(11.4% - var(--stk-column-gap, 0px) * 1 \/ 2 ) !important;}}<\/style><div class=\"stk-column-wrapper stk-block-column__content stk-container stk-44eb620-container stk--no-background stk--no-padding\"><div class=\"stk-block-content stk-inner-blocks stk-44eb620-inner-blocks\">\n<div class=\"wp-block-stackable-image stk-block-image stk-block stk-d35130f\" data-block-id=\"d35130f\"><style>.stk-d35130f .stk-img-wrapper{width:86px !important;}<\/style><\/div>\n<\/div><\/div><\/div>\n\n\n\n<div class=\"wp-block-stackable-column stk-block-column stk-column stk-block stk-e9d5f5e\" data-v=\"4\" data-block-id=\"e9d5f5e\"><style>.stk-e9d5f5e-inner-blocks{justify-content:center !important;}@media screen and (min-width:690px){.stk-e9d5f5e {flex:var(--stk-flex-grow, 1) 1 calc(88.6% - var(--stk-column-gap, 0px) * 1 \/ 2 ) !important;}}<\/style><div class=\"stk-column-wrapper stk-block-column__content stk-container stk-e9d5f5e-container stk--no-background stk--no-padding\"><div class=\"stk--column-flex stk-block-content stk-inner-blocks stk-e9d5f5e-inner-blocks\">\n<div class=\"wp-block-stackable-subtitle stk-block-subtitle stk-block stk-0c05bc6\" data-block-id=\"0c05bc6\"><p class=\"stk-block-subtitle__text stk-subtitle\"><span style=\"color: var(--theme-palette-color-4, #102136);\" class=\"stk-highlight\">De\u011ferli i\u015f ortaklar\u0131m\u0131z\u0131 bu inisiyatife kat\u0131lmalar\u0131 i\u00e7in te\u015fvik etmek ve s\u00fcrece dahil etmek<\/span><\/p><\/div>\n<\/div><\/div><\/div>\n<\/div><\/div>\n\n\n\n<div class=\"wp-block-stackable-subtitle stk-block-subtitle stk-block stk-3461828\" data-block-id=\"3461828\"><style>.stk-3461828 {margin-bottom:0px !important;}<\/style><p class=\"stk-block-subtitle__text stk-subtitle\">Bu giri\u015fimler sayesinde nihai hedefimiz olan S\u0131f\u0131r Pelet, Pul ve Toz Kayb\u0131 hedefine ula\u015fmay\u0131 ama\u00e7l\u0131yoruz.<br><\/p><\/div>\n\n\n\n<div class=\"wp-block-stackable-subtitle stk-block-subtitle stk-block stk-f1574a2\" data-block-id=\"f1574a2\"><p class=\"stk-block-subtitle__text stk-subtitle\">04\/2024<\/p><\/div>\n\n\n\n<p><\/p>\n","protected":false},"excerpt":{"rendered":"<p>Operation Clean Sweep\u00ae \u2013 Peletlerin \u00e7evreye kayb\u0131n\u0131 \u00f6nleme Ravago Grubu olarak, plastik pelet, pul ve tozlar\u0131n \u00e7evreye kar\u0131\u015fmas\u0131n\u0131 \u00f6nlemeyi ama\u00e7layan&nbsp;Operation Clean Sweep\u00ae (OCS)&nbsp;program\u0131na ba\u011fl\u0131l\u0131\u011f\u0131m\u0131z\u0131 s\u00fcrd\u00fcr\u00fcyoruz. Bu program, Ravago\u2019nun S\u00fcrd\u00fcr\u00fclebilirlik S\u00fctunlar\u0131ndan biri olan&nbsp;\u201cSorumlu Operasyonlar\u201d&nbsp;ilkesiyle uyumlu olup, plastik polimerlerin \u00e7evre \u00fczerindeki etkisini en aza indirerek sorumlu bir \u015fekilde y\u00f6netildi\u011fi bir d\u00fcnya yaratmay\u0131 hedeflemektedir. OCS gerekliliklerine&nbsp;uyum sa\u011flamak amac\u0131yla [&hellip;]<\/p>\n","protected":false},"author":1,"featured_media":0,"parent":0,"menu_order":0,"comment_status":"closed","ping_status":"closed","template":"","meta":{"footnotes":""},"class_list":["post-2153","page","type-page","status-publish","hentry"],"blocksy_meta":[],"brizy_media":[],"_links":{"self":[{"href":"https:\/\/www.retinagrafik.com.tr\/ravagoeps\/wp-json\/wp\/v2\/pages\/2153","targetHints":{"allow":["GET"]}}],"collection":[{"href":"https:\/\/www.retinagrafik.com.tr\/ravagoeps\/wp-json\/wp\/v2\/pages"}],"about":[{"href":"https:\/\/www.retinagrafik.com.tr\/ravagoeps\/wp-json\/wp\/v2\/types\/page"}],"author":[{"embeddable":true,"href":"https:\/\/www.retinagrafik.com.tr\/ravagoeps\/wp-json\/wp\/v2\/users\/1"}],"replies":[{"embeddable":true,"href":"https:\/\/www.retinagrafik.com.tr\/ravagoeps\/wp-json\/wp\/v2\/comments?post=2153"}],"version-history":[{"count":8,"href":"https:\/\/www.retinagrafik.com.tr\/ravagoeps\/wp-json\/wp\/v2\/pages\/2153\/revisions"}],"predecessor-version":[{"id":2565,"href":"https:\/\/www.retinagrafik.com.tr\/ravagoeps\/wp-json\/wp\/v2\/pages\/2153\/revisions\/2565"}],"wp:attachment":[{"href":"https:\/\/www.retinagrafik.com.tr\/ravagoeps\/wp-json\/wp\/v2\/media?parent=2153"}],"curies":[{"name":"wp","href":"https:\/\/api.w.org\/{rel}","templated":true}]}}