{"id":2135,"date":"2025-12-12T14:53:29","date_gmt":"2025-12-12T11:53:29","guid":{"rendered":"https:\/\/www.retinagrafik.com.tr\/ravagoeps\/?page_id=2135"},"modified":"2026-01-05T20:53:16","modified_gmt":"2026-01-05T17:53:16","slug":"kariyer","status":"publish","type":"page","link":"https:\/\/www.retinagrafik.com.tr\/ravagoeps\/kariyer\/","title":{"rendered":"KAR\u0130YER"},"content":{"rendered":"\n<div class=\"wp-block-stackable-image-box alignfull stk-block-image-box stk-hover-parent stk-block stk-b2f844f is-style-plain\" data-block-id=\"b2f844f\"><style>.stk-b2f844f {margin-bottom:4px !important;top:-66px !important;bottom:0px !important;}<\/style><div class=\"stk-block-content stk-inner-blocks has-text-align-left stk-row stk-block-image-box__content\">\n<div class=\"wp-block-stackable-image stk-block-image has-text-align-center stk-block stk-e8cb9f1\" data-block-id=\"e8cb9f1\"><style>.stk-e8cb9f1 {top:0px !important;overflow:auto !important;}.stk-e8cb9f1 .stk-img-wrapper{width:100% !important;height:420px !important;filter:drop-shadow(none) !important;--stk-gradient-overlay:0.4 !important;}.stk-e8cb9f1 .stk-img-wrapper::after{background-color:var(--theme-palette-color-4, #102136) !important;}:where(.stk-hover-parent:hover,  .stk-hover-parent.stk--is-hovered) .stk-e8cb9f1 .stk-img-wrapper::after{background-color:#000000B3 !important;}.stk-e8cb9f1 .stk-img-wrapper::after, .stk-e8cb9f1 .stk-img-wrapper::before{mix-blend-mode:multiply !important;}<\/style><figure><span class=\"stk-img-wrapper stk-image--shape-stretch stk--shadow-none\"><img loading=\"lazy\" decoding=\"async\" class=\"stk-img wp-image-2140\" src=\"http:\/\/www.retinagrafik.com.tr\/ravagoeps\/wp-content\/uploads\/2025\/12\/career-slider-1.jpg\" width=\"1920\" height=\"607\" srcset=\"https:\/\/www.retinagrafik.com.tr\/ravagoeps\/wp-content\/uploads\/2025\/12\/career-slider-1.jpg 1920w, https:\/\/www.retinagrafik.com.tr\/ravagoeps\/wp-content\/uploads\/2025\/12\/career-slider-1-300x95.jpg 300w, https:\/\/www.retinagrafik.com.tr\/ravagoeps\/wp-content\/uploads\/2025\/12\/career-slider-1-1024x324.jpg 1024w, https:\/\/www.retinagrafik.com.tr\/ravagoeps\/wp-content\/uploads\/2025\/12\/career-slider-1-768x243.jpg 768w, https:\/\/www.retinagrafik.com.tr\/ravagoeps\/wp-content\/uploads\/2025\/12\/career-slider-1-1536x486.jpg 1536w\" sizes=\"auto, (max-width: 1920px) 100vw, 1920px\" \/><\/span><\/figure><\/div>\n\n\n\n<div class=\"wp-block-stackable-column stk-block-column stk-column stk-block stk-b6a29b7\" data-v=\"4\" data-block-id=\"b6a29b7\"><style>.stk-b6a29b7-inner-blocks{justify-content:flex-end !important;}.stk-b6a29b7-container{padding-top:32px !important;padding-right:32px !important;padding-bottom:32px !important;padding-left:32px !important;display:flex !important;}<\/style><div class=\"stk-column-wrapper stk-block-column__content stk-container stk-b6a29b7-container stk--no-background stk--no-padding\"><div class=\"stk-block-content stk-inner-blocks stk-b6a29b7-inner-blocks\">\n<div class=\"wp-block-stackable-heading alignfull stk-block-heading stk-block-heading--v2 stk-block stk-acf1e2a\" id=\"ravagoda-kariyer\" data-block-id=\"acf1e2a\"><style>.stk-acf1e2a {margin-bottom:8px !important;top:-100px !important;}.stk-acf1e2a .stk-block-heading__text{font-size:var(--stk--preset--font-size--large, 30px) !important;color:#FFFFFF !important;}@media screen and (max-width:999px){.stk-acf1e2a .stk-block-heading__text{font-size:var(--stk--preset--font-size--large, 30px) !important;}}<\/style><h2 class=\"stk-block-heading__text has-text-color has-white-color has-text-align-center\">RAVAGO\u2019DA KAR\u0130YER<\/h2><\/div>\n\n\n\n<div class=\"wp-block-stackable-heading alignfull stk-block-heading stk-block-heading--v2 stk-block stk-11c0c64\" data-block-id=\"11c0c64\"><style>.stk-11c0c64 .stk-block-heading__text{font-size:var(--stk--preset--font-size--large, 30px) !important;color:#FFFFFF !important;}@media screen and (max-width:999px){.stk-11c0c64 .stk-block-heading__text{font-size:var(--stk--preset--font-size--large, 30px) !important;}}<\/style><h3 class=\"stk-block-heading__text has-text-color has-white-color has-text-align-center\"><\/h3><\/div>\n\n\n\n<div class=\"wp-block-stackable-text stk-block-text stk-block stk-ce0df2f\" data-block-id=\"ce0df2f\"><style>.stk-ce0df2f {opacity:0 !important;}:where(.stk-hover-parent:hover,  .stk-hover-parent.stk--is-hovered) .stk-ce0df2f{opacity:1 !important;}.stk-ce0df2f .stk-block-text__text{color:#FFFFFF !important;}<\/style><p class=\"stk-block-text__text has-text-color has-white-color\"><\/p><\/div>\n<\/div><\/div><\/div>\n<\/div><\/div>\n\n\n\n<div class=\"wp-block-stackable-heading stk-block-heading stk-block-heading--v2 stk-block stk-8e79b7f\" id=\"ravagoda-yasam\" data-block-id=\"8e79b7f\"><style>.stk-8e79b7f {margin-bottom:14px !important;}.stk-8e79b7f .stk-block-heading__text{color:#003da5 !important;}<\/style><h2 class=\"stk-block-heading__text has-text-color has-text-align-center\">Ravago\u2019da Ya\u015fam<\/h2><\/div>\n\n\n\n<div class=\"wp-block-stackable-subtitle stk-block-subtitle stk-block stk-af12b88\" data-block-id=\"af12b88\"><p class=\"stk-block-subtitle__text stk-subtitle\"><span style=\"color: var(--theme-palette-color-4, #102136);\" class=\"stk-highlight\">Ravago, g\u00fc\u00e7l\u00fc aile de\u011ferleri ve m\u00fckemmeliyet taahh\u00fcd\u00fc \u00fczerine kurulmu\u015f ger\u00e7ek bir aile \u015firketidir. 50 y\u0131l\u0131 a\u015fk\u0131n s\u00fcredir b\u00fcy\u00fcyen ailemiz, Bel\u00e7ika\u2019daki k\u00fc\u00e7\u00fck bir yerel ekipten, d\u00fcnya genelinde yeni pazarlara ve m\u00fc\u015fterilere ula\u015fan uluslararas\u0131 bir \u015firkete d\u00f6n\u00fc\u015fm\u00fc\u015ft\u00fcr.<br><br>Logomuzdaki a\u011fa\u00e7 gibi Ravago da b\u00fcy\u00fcm\u00fc\u015f ve geli\u015fmi\u015f, k\u00f6klerinden g\u00fc\u00e7 alarak yeni ufuklara ula\u015fm\u0131\u015ft\u0131r. Ancak \u015firketimizin g\u00fc\u00e7l\u00fc kalmas\u0131n\u0131 ve b\u00fcy\u00fcmeye devam etmesini sa\u011flayanlar, k\u00f6klerimiz olan \u00e7al\u0131\u015fanlar\u0131m\u0131zd\u0131r. Onlar, \u015firketimizin bel kemi\u011fini olu\u015fturarak bize istikrar ve destek sa\u011flar; bu sayede geli\u015fip ba\u015far\u0131ya ula\u015fabiliyoruz.<br><br>Bizi farkl\u0131 k\u0131lan ve \u00f6zel yapan \u015feyin sahip oldu\u011fumuz aile de\u011ferleri oldu\u011funa inan\u0131yoruz. T\u00fcm \u00e7al\u0131\u015fanlar\u0131m\u0131z i\u00e7in kapsay\u0131c\u0131, destekleyici ve g\u00fc\u00e7lendirici bir k\u00fclt\u00fcr yaratmaya kararl\u0131y\u0131z ve olu\u015fturdu\u011fumuz \u00e7e\u015fitli ve yetenekli ekipten gurur duyuyoruz.<br><br>\u00c7al\u0131\u015fanlar\u0131m\u0131z\u0131n geli\u015febilece\u011fi, b\u00fcy\u00fcyebilece\u011fi ve potansiyellerini en \u00fcst d\u00fczeye \u00e7\u0131karabilece\u011fi bir ortam yaratmaya kararl\u0131y\u0131z. \u00c7\u00fcnk\u00fc biliyoruz ki \u00e7al\u0131\u015fanlar\u0131m\u0131za yapt\u0131\u011f\u0131m\u0131z her yat\u0131r\u0131m, \u015firketimizin gelece\u011fine ve m\u00fc\u015fterilerimize en iyi hizmeti sunma yetene\u011fimize yap\u0131lan bir yat\u0131r\u0131md\u0131r.<\/span><br><br><strong><span style=\"color: #003da5;\" class=\"stk-highlight\">Ravago sadece bir \u015firket de\u011fil, ayn\u0131 zamanda bir ailedir. T\u0131pk\u0131 bir a\u011fac\u0131n k\u00f6kleri gibi, bizi g\u00fc\u00e7l\u00fc bir \u015fekilde b\u00fcy\u00fcten \u015fey, \u00e7al\u0131\u015fanlar\u0131m\u0131z\u0131n \u00f6zverisi ve s\u0131k\u0131 \u00e7al\u0131\u015fmas\u0131d\u0131r.<\/span><\/strong><\/p><\/div>\n\n\n\n<div class=\"wp-block-stackable-subtitle stk-block-subtitle stk-block stk-61c237c stk-block-background\" data-block-id=\"61c237c\"><style>.stk-61c237c {background-color:#003da5 !important;}.stk-61c237c:before{background-color:#003da5 !important;}.stk-61c237c .stk-block-subtitle__text{font-size:var(--stk--preset--font-size--medium, 20px) !important;color:var(--theme-palette-color-8, #ffffff) !important;}@media screen and (max-width:999px){.stk-61c237c .stk-block-subtitle__text{font-size:var(--stk--preset--font-size--medium, 20px) !important;}}<\/style><p class=\"stk-block-subtitle__text stk-subtitle has-text-color has-text-align-center\">K\u00fclt\u00fcr\u00fcm\u00fcz, hepimizin ald\u0131\u011f\u0131 kararlar\u0131 ve att\u0131\u011f\u0131 ad\u0131mlar\u0131 \u015fekillendiren temel <br>de\u011ferlerimizle g\u00fc\u00e7lenmektedir. Biz buna&nbsp;<strong>\u201cOksijen\u201d&nbsp;<\/strong>diyoruz.<\/p><\/div>\n\n\n\n<div class=\"wp-block-stackable-subtitle stk-block-subtitle stk-block stk-fead482\" data-block-id=\"fead482\"><p class=\"stk-block-subtitle__text stk-subtitle\"><span style=\"color: var(--theme-palette-color-4, #102136);\" class=\"stk-highlight\">E\u011fer&nbsp;<\/span><strong><span style=\"color: #003da5;\" class=\"stk-highlight\">insan odakl\u0131, profesyonel, giri\u015fimci<\/span><\/strong><span style=\"color: var(--theme-palette-color-4, #102136);\" class=\"stk-highlight\">&nbsp;ve&nbsp;<\/span><strong><span style=\"color: #003da5;\" class=\"stk-highlight\">m\u00fctevaz\u0131&nbsp;<\/span><\/strong><span style=\"color: var(--theme-palette-color-4, #102136);\" class=\"stk-highlight\">ki\u015filerle \u00e7al\u0131\u015fmay\u0131 arzu ediyorsan\u0131z, \u00f6zge\u00e7mi\u015finizi bize g\u00f6nderin ve mevcut kariyer f\u0131rsatlar\u0131n\u0131 ke\u015ffedin. Ayr\u0131ca&nbsp;<\/span><strong><span style=\"color: #003da5;\" class=\"stk-highlight\">LinkedIn&nbsp;<\/span><\/strong><span style=\"color: var(--theme-palette-color-4, #102136);\" class=\"stk-highlight\">profiliniz \u00fczerinden bizimle ba\u011flant\u0131ya ge\u00e7ebilirsiniz.<\/span><\/p><\/div>\n\n\n\n<div class=\"wp-block-stackable-columns stk-block-columns stk-block stk-b22c10c stk-block-background\" data-block-id=\"b22c10c\"><style>.stk-b22c10c {background-color:var(--theme-palette-color-6, #F3F5F7) !important;}.stk-b22c10c:before{background-color:var(--theme-palette-color-6, #F3F5F7) !important;}<\/style><div class=\"stk-row stk-inner-blocks stk-block-content stk-content-align stk-b22c10c-column\">\n<div class=\"wp-block-stackable-column stk-block-column stk-column stk-block stk-6537f72\" data-v=\"4\" data-block-id=\"6537f72\"><div class=\"stk-column-wrapper stk-block-column__content stk-container stk-6537f72-container stk--no-background stk--no-padding\"><div class=\"stk-block-content stk-inner-blocks stk-6537f72-inner-blocks\">\n<div class=\"wp-block-stackable-heading stk-block-heading stk-block-heading--v2 stk-block stk-2292c3c\" id=\"kariyerinize-baslayama-hazir-misiniz\" data-block-id=\"2292c3c\"><style>.stk-2292c3c .stk-block-heading__text{color:#003da5 !important;}<\/style><h4 class=\"stk-block-heading__text has-text-color\">Kariyer\u2019inize ba\u015flayama haz\u0131r m\u0131s\u0131n\u0131z?<\/h4><\/div>\n\n\n\n<div class=\"wp-block-stackable-subtitle stk-block-subtitle stk-block stk-198d84f\" data-block-id=\"198d84f\"><style>.stk-198d84f .stk-block-subtitle__text{color:#003da5 !important;}<\/style><p class=\"stk-block-subtitle__text stk-subtitle has-text-color\"><\/p><\/div>\n\n\n\n<div class=\"wp-block-stackable-subtitle stk-block-subtitle stk-block stk-fc7ff05\" data-block-id=\"fc7ff05\"><p class=\"stk-block-subtitle__text stk-subtitle\"><span style=\"color: var(--theme-palette-color-4, #102136);\" class=\"stk-highlight\">L\u00fctfen \u00f6zge\u00e7mi\u015finizi veritaban\u0131m\u0131za y\u00fcklemek i\u00e7in ge\u00e7erli bir belge se\u00e7iniz (Word, PDF vb.):<\/span><\/p><\/div>\n\n\n\n<div class=\"wp-block-stackable-button-group stk-block-button-group stk-block stk-16c4ad4\" data-block-id=\"16c4ad4\"><div class=\"stk-row stk-inner-blocks stk-block-content stk-button-group\">\n<div class=\"wp-block-stackable-button stk-block-button stk-block stk-dd74a19\" data-block-id=\"dd74a19\"><style>.stk-dd74a19 .stk-button{background:#fdcb00 !important;}.stk-dd74a19 .stk-button .stk--inner-svg svg:last-child{height:34px !important;width:34px !important;}.stk-dd74a19 .stk-button .stk--inner-svg svg:last-child, .stk-dd74a19 .stk-button .stk--inner-svg svg:last-child :is(g, path, rect, polygon, ellipse){fill:var(--theme-palette-color-4, #102136) !important;}.stk-dd74a19 .stk-button__inner-text{color:var(--theme-palette-color-4, #102136) !important;}<\/style><a class=\"stk-link stk-button stk--hover-effect-darken\" href=\"\"><span class=\"has-text-color stk-button__inner-text\">Ba\u015fvurunuzu \u0130letmek i\u00e7in t\u0131klay\u0131n\u0131z<\/span><span class=\"stk--svg-wrapper\"><div class=\"stk--inner-svg\"><svg xmlns=\"http:\/\/www.w3.org\/2000\/svg\" viewBox=\"0 0 384 512\" aria-hidden=\"true\" width=\"32\" height=\"32\"><path d=\"M64 464c-8.8 0-16-7.2-16-16V64c0-8.8 7.2-16 16-16H224v80c0 17.7 14.3 32 32 32h80V448c0 8.8-7.2 16-16 16H64zM64 0C28.7 0 0 28.7 0 64V448c0 35.3 28.7 64 64 64H320c35.3 0 64-28.7 64-64V154.5c0-17-6.7-33.3-18.7-45.3L274.7 18.7C262.7 6.7 246.5 0 229.5 0H64zm56 256c-13.3 0-24 10.7-24 24s10.7 24 24 24H264c13.3 0 24-10.7 24-24s-10.7-24-24-24H120zm0 96c-13.3 0-24 10.7-24 24s10.7 24 24 24H264c13.3 0 24-10.7 24-24s-10.7-24-24-24H120z\"><\/path><\/svg><\/div><\/span><\/a><\/div>\n<\/div><\/div>\n\n\n\n<div class=\"wp-block-stackable-button-group stk-block-button-group stk-block stk-6735977\" data-block-id=\"6735977\"><div class=\"stk-row stk-inner-blocks stk-block-content stk-button-group\">\n<div class=\"wp-block-stackable-button stk-block-button stk-block stk-cff7ca4\" data-block-id=\"cff7ca4\"><style>.stk-cff7ca4 .stk-button{background:#003da5 !important;}.stk-cff7ca4 .stk-button .stk--inner-svg svg:last-child{height:22px !important;width:22px !important;}.stk-cff7ca4 .stk-button__inner-text{color:var(--theme-palette-color-8, #ffffff) !important;}<\/style><a class=\"stk-link stk-button stk--hover-effect-darken\" href=\"\"><span class=\"has-text-color stk-button__inner-text\">Linkedindaki i\u015f ilanlar\u0131 i\u00e7in<\/span><span class=\"stk--svg-wrapper\"><div class=\"stk--inner-svg\"><svg xmlns=\"http:\/\/www.w3.org\/2000\/svg\" viewBox=\"0 0 448 512\" aria-hidden=\"true\" width=\"32\" height=\"32\"><path d=\"M416 32H31.9C14.3 32 0 46.5 0 64.3v383.4C0 465.5 14.3 480 31.9 480H416c17.6 0 32-14.5 32-32.3V64.3c0-17.8-14.4-32.3-32-32.3zM135.4 416H69V202.2h66.5V416zm-33.2-243c-21.3 0-38.5-17.3-38.5-38.5S80.9 96 102.2 96c21.2 0 38.5 17.3 38.5 38.5 0 21.3-17.2 38.5-38.5 38.5zm282.1 243h-66.4V312c0-24.8-.5-56.7-34.5-56.7-34.6 0-39.9 27-39.9 54.9V416h-66.4V202.2h63.7v29.2h.9c8.9-16.8 30.6-34.5 62.9-34.5 67.2 0 79.7 44.3 79.7 101.9V416z\"><\/path><\/svg><\/div><\/span><\/a><\/div>\n<\/div><\/div>\n<\/div><\/div><\/div>\n\n\n\n<div class=\"wp-block-stackable-column stk-block-column stk-column stk-block stk-d9c8572\" data-v=\"4\" data-block-id=\"d9c8572\"><div class=\"stk-column-wrapper stk-block-column__content stk-container stk-d9c8572-container stk--no-background stk--no-padding\"><div class=\"stk-block-content stk-inner-blocks stk-d9c8572-inner-blocks\">\n<div class=\"wp-block-stackable-image stk-block-image stk-block stk-35ae235\" data-block-id=\"35ae235\"><style>.stk-35ae235 .stk-img-wrapper{width:100% !important;height:361px !important;}<\/style><figure><span class=\"stk-img-wrapper stk-image--shape-stretch\"><img loading=\"lazy\" decoding=\"async\" class=\"stk-img wp-image-2148\" src=\"http:\/\/www.retinagrafik.com.tr\/ravagoeps\/wp-content\/uploads\/2025\/12\/career-photo-1.jpg\" width=\"700\" height=\"700\" srcset=\"https:\/\/www.retinagrafik.com.tr\/ravagoeps\/wp-content\/uploads\/2025\/12\/career-photo-1.jpg 700w, https:\/\/www.retinagrafik.com.tr\/ravagoeps\/wp-content\/uploads\/2025\/12\/career-photo-1-300x300.jpg 300w, https:\/\/www.retinagrafik.com.tr\/ravagoeps\/wp-content\/uploads\/2025\/12\/career-photo-1-150x150.jpg 150w\" sizes=\"auto, (max-width: 700px) 100vw, 700px\" \/><\/span><\/figure><\/div>\n<\/div><\/div><\/div>\n<\/div><\/div>\n\n\n\n<p><\/p>\n","protected":false},"excerpt":{"rendered":"<p>RAVAGO\u2019DA KAR\u0130YER Ravago\u2019da Ya\u015fam Ravago, g\u00fc\u00e7l\u00fc aile de\u011ferleri ve m\u00fckemmeliyet taahh\u00fcd\u00fc \u00fczerine kurulmu\u015f ger\u00e7ek bir aile \u015firketidir. 50 y\u0131l\u0131 a\u015fk\u0131n s\u00fcredir b\u00fcy\u00fcyen ailemiz, Bel\u00e7ika\u2019daki k\u00fc\u00e7\u00fck bir yerel ekipten, d\u00fcnya genelinde yeni pazarlara ve m\u00fc\u015fterilere ula\u015fan uluslararas\u0131 bir \u015firkete d\u00f6n\u00fc\u015fm\u00fc\u015ft\u00fcr. Logomuzdaki a\u011fa\u00e7 gibi Ravago da b\u00fcy\u00fcm\u00fc\u015f ve geli\u015fmi\u015f, k\u00f6klerinden g\u00fc\u00e7 alarak yeni ufuklara ula\u015fm\u0131\u015ft\u0131r. Ancak \u015firketimizin [&hellip;]<\/p>\n","protected":false},"author":1,"featured_media":0,"parent":0,"menu_order":0,"comment_status":"closed","ping_status":"closed","template":"","meta":{"footnotes":""},"class_list":["post-2135","page","type-page","status-publish","hentry"],"blocksy_meta":[],"brizy_media":[],"_links":{"self":[{"href":"https:\/\/www.retinagrafik.com.tr\/ravagoeps\/wp-json\/wp\/v2\/pages\/2135","targetHints":{"allow":["GET"]}}],"collection":[{"href":"https:\/\/www.retinagrafik.com.tr\/ravagoeps\/wp-json\/wp\/v2\/pages"}],"about":[{"href":"https:\/\/www.retinagrafik.com.tr\/ravagoeps\/wp-json\/wp\/v2\/types\/page"}],"author":[{"embeddable":true,"href":"https:\/\/www.retinagrafik.com.tr\/ravagoeps\/wp-json\/wp\/v2\/users\/1"}],"replies":[{"embeddable":true,"href":"https:\/\/www.retinagrafik.com.tr\/ravagoeps\/wp-json\/wp\/v2\/comments?post=2135"}],"version-history":[{"count":13,"href":"https:\/\/www.retinagrafik.com.tr\/ravagoeps\/wp-json\/wp\/v2\/pages\/2135\/revisions"}],"predecessor-version":[{"id":2687,"href":"https:\/\/www.retinagrafik.com.tr\/ravagoeps\/wp-json\/wp\/v2\/pages\/2135\/revisions\/2687"}],"wp:attachment":[{"href":"https:\/\/www.retinagrafik.com.tr\/ravagoeps\/wp-json\/wp\/v2\/media?parent=2135"}],"curies":[{"name":"wp","href":"https:\/\/api.w.org\/{rel}","templated":true}]}}